{"id":100,"date":"2020-01-03T11:56:49","date_gmt":"2020-01-03T11:56:49","guid":{"rendered":"https:\/\/www.jamavia-blue.de\/?page_id=100"},"modified":"2021-03-21T10:33:37","modified_gmt":"2021-03-21T10:33:37","slug":"der-sommer","status":"publish","type":"page","link":"https:\/\/www.jamavia-blue.de\/?page_id=100","title":{"rendered":"Sommer"},"content":{"rendered":"\t\t<div data-elementor-type=\"wp-page\" data-elementor-id=\"100\" class=\"elementor elementor-100\" data-elementor-post-type=\"page\">\n\t\t\t\t\t\t<section class=\"elementor-section elementor-top-section elementor-element elementor-element-114bbae2 elementor-section-boxed elementor-section-height-default elementor-section-height-default\" data-id=\"114bbae2\" data-element_type=\"section\" data-e-type=\"section\">\n\t\t\t\t\t\t<div class=\"elementor-container elementor-column-gap-default\">\n\t\t\t\t\t<div class=\"elementor-column elementor-col-100 elementor-top-column elementor-element elementor-element-b5a5dcc\" data-id=\"b5a5dcc\" data-element_type=\"column\" data-e-type=\"column\">\n\t\t\t<div class=\"elementor-widget-wrap elementor-element-populated\">\n\t\t\t\t\t\t<div class=\"elementor-element elementor-element-fd206d4 elementor-widget elementor-widget-image\" data-id=\"fd206d4\" data-element_type=\"widget\" data-e-type=\"widget\" data-widget_type=\"image.default\">\n\t\t\t\t<div class=\"elementor-widget-container\">\n\t\t\t\t\t\t\t\t\t\t\t\t\t\t\t<img fetchpriority=\"high\" decoding=\"async\" width=\"768\" height=\"338\" src=\"https:\/\/www.jamavia-blue.de\/wp-content\/uploads\/2020\/01\/DSC_0488-1-768x338.jpg\" class=\"attachment-medium_large size-medium_large wp-image-32\" alt=\"\" srcset=\"https:\/\/www.jamavia-blue.de\/wp-content\/uploads\/2020\/01\/DSC_0488-1-768x338.jpg 768w, https:\/\/www.jamavia-blue.de\/wp-content\/uploads\/2020\/01\/DSC_0488-1-300x132.jpg 300w, https:\/\/www.jamavia-blue.de\/wp-content\/uploads\/2020\/01\/DSC_0488-1.jpg 1024w\" sizes=\"(max-width: 768px) 100vw, 768px\" \/>\t\t\t\t\t\t\t\t\t\t\t\t\t\t\t<\/div>\n\t\t\t\t<\/div>\n\t\t\t\t<div class=\"elementor-element elementor-element-4df1f2c9 elementor-drop-cap-yes elementor-drop-cap-view-default elementor-widget elementor-widget-text-editor\" data-id=\"4df1f2c9\" data-element_type=\"widget\" data-e-type=\"widget\" data-settings=\"{&quot;drop_cap&quot;:&quot;yes&quot;}\" data-widget_type=\"text-editor.default\">\n\t\t\t\t<div class=\"elementor-widget-container\">\n\t\t\t\t\t\t\t\t\t<p>Dichte Nebelschwaden liegen noch \u00fcber der Wiese. Es ist ein typische Sommermorgen in der N\u00e4he eines Sees.<br>Die Sonne klettert hinter den B\u00e4umen des Waldes hervor und blinzelt noch etwas verschlafen mit ihren roten Strahlen.<br>Auf einer Wiese am Hang steht in diesen fr\u00fchen Morgenstunden schon der Sch\u00e4fer mit seiner Herde.<br>Die Arme auf seinen hohen Stock gest\u00fctzt, dirigiert er seine beiden Hunde. Sie sollen die Herde zusammenhalten, was ihnen zu dieser Zeit noch nicht allzu schwer f\u00e4llt, denn auch die Schafe sind noch recht beh\u00e4big in ihren Bewegungen. Langsam und ohne Hast<br>geht diese ein St\u00fcck weiter nach oben, um sich dort von den ersten Sonnenstrahlen w\u00e4rmen zu lassen.<br>Leichter Wind kommt auf und scheint die Nebelschwaden auf den See zu treiben. Auf der glatten Oberfl\u00e4che bilden sich kleine Wellen, vorbei ist es mit der Spiegelfl\u00e4che. <br>Die Sonne ist auf ihrer Bahn weiter gezogen und auch der Nebel \u00fcber dem See ist vom Wind fortgetrieben worden.<br>\u00dcber einem Feld steigt, immer vor sich her tr\u00e4llernd, eine Lerche hinauf in den Himmel. <br>Der Fischadler beginnt seinen morgendlichen Rundflug \u00fcber das Wasser. Pl\u00f6tzlich legt er seine Fl\u00fcgel ganz eng an den K\u00f6rper<br>und f\u00e4llt wie ein Stein hinab, mit den Krallen zuerst ins noch kalte Nass. Mit kr\u00e4ftigen Schl\u00e4gen seiner Schwingen kommt er wieder hoch, in seinen F\u00e4ngen einen gro\u00dfen Fisch, sein Fr\u00fchst\u00fcck d\u00fcrfte damit gesichert sein. <br>Allm\u00e4hlich beginnt die Stadt zu erwachen.<br>Die ersten Menschen begegnen sich in den Stra\u00dfen auf dem Weg zur Arbeit. Kinder stehen an den Bushaltestellen, denn es wird Zeit f\u00fcr die Schule.<br>Der Duft von frischem Gras und der feuchten Luft der Nacht zieht einem in die Nase.<br>Die Bienen beginnen ihren allt\u00e4glichen Rundflug auf der Suche nach dem Tau der Nacht, der sich in gro\u00dfen Perlen auf den Pflanzen niedergelegt hat.<br>Der Himmel ist jetzt tiefblau und l\u00e4sst erahnen, dass dieser Tag ganz besonders warm werden wird.<br>Nicht eine Wolke ist am Horizont zu sehen. Eine Zeit sp\u00e4ter tummeln sich bereits die ersten Badelustigen im Strandbad.<br>Sie haben ihre Decken ausgebreitet, um sich vor dem noch etwas feuchten Gras zu sch\u00fctzen und einen weicheren Untergrund zu haben, denn die Zeit ist lang an einem solchen Tag. <br>Jeder m\u00f6chte so viel wie m\u00f6glich von den w\u00e4rmenden Strahlen erhaschen, denn noch immer gilt das Motto,<br>&#8222;nur wer braun aus dem Urlaub kommt, war wirklich im Urlaub&#8220;, sonst h\u00e4tte man ja auch zu Hause bleiben k\u00f6nnen. <br>\u00dcber dem Asphalt der Stra\u00dfen beginnt bereits die Luft zu flimmern und hier und da beginnt der Teer sich schon zu verformen.<br>Die Autofahrer haben ihre Scheiben herunter gedreht, um etwas K\u00fchlung durch den Fahrtwind zu bekommen.<br>Wohl dem, der in dieser Jahreszeit eine Klimaanlage in seinem Fahrzeug hat.<br>Mit einem k\u00fchlen Kopf l\u00e4sst es sich besser auf den Verkehr konzentrieren. Und das ist gerade im Sommer besonders schwierig.<br>Die R\u00f6cke der M\u00e4dchen werden immer k\u00fcrzer und die M\u00e4nner blicken ihnen immer \u00f6fter hinterher &#8211; kein Wunder, da\u00df da die Zahl der Auffahrunf\u00e4lle in die H\u00f6he steigt.<br>In der Zwischenzeit sind die Str\u00e4nde und Wiesen bis auf den letzten Platz gef\u00fcllt.<br>Es sieht aus, wie ein Teppich aus nackter Haut. Hier und da ein paar helle Flecken der neu dazugekommenen, <br>dort wieder einige Stofffetzen, eben eine Fl\u00e4che aus lauter bunten Farbtupfern. Auch heute Abend werden einige von ihnen<br>wieder feststellen, dass zu viel Sonne nicht unbedingt gut ist und sie werden ihren Sonnenbrand pflegen.<br>Aber schon am n\u00e4chsten Tag sind sie wieder da, neu W\u00e4rme tanken, eben doch Br\u00e4une um jeden Preis.<br>Der Tag geht zur Neige. Die Str\u00e4nde leeren sich, nur vereinzelt sind noch einige P\u00e4rchen zu sehen, die sich auf eine l\u00e4ngere Nacht eingestellt haben, Decken, dicke Pullover, Getr\u00e4nke sind da und auf dem Steinplatz hat irgendwer schon ein Lagerfeuer angez\u00fcndet.<br>Langsam kommen immer mehr Jugendliche, setzen sich um das Feuer in einem Kreis herum. Jemand hat einen Recorder mitgebracht<br>und so langsam kommt Stimmung auf. Wer heute Abend am See entlang spazieren geht, wird hier und da \u00fcber die im Wald liegenden P\u00e4rchen \u201estolpern&#8220;.<\/p>\n<p>Und so wird dieser Sommertag enden, wie all die anderen zuvor. Die Sonne g\u00f6nnt sich eine kurze Ruhepause, um schon am n\u00e4chsten Morgen ganz fr\u00fch unserem Sch\u00e4fer wieder bei der Arbeit zuzusehen.<\/p>\n<p><!-- \/wp:paragraph --><\/p>\t\t\t\t\t\t\t\t<\/div>\n\t\t\t\t<\/div>\n\t\t\t\t\t<\/div>\n\t\t<\/div>\n\t\t\t\t\t<\/div>\n\t\t<\/section>\n\t\t\t\t<section class=\"elementor-section elementor-top-section elementor-element elementor-element-b2dae04 elementor-section-boxed elementor-section-height-default elementor-section-height-default\" data-id=\"b2dae04\" data-element_type=\"section\" data-e-type=\"section\">\n\t\t\t\t\t\t<div class=\"elementor-container elementor-column-gap-default\">\n\t\t\t\t\t<div class=\"elementor-column elementor-col-100 elementor-top-column elementor-element elementor-element-71d8434\" data-id=\"71d8434\" data-element_type=\"column\" data-e-type=\"column\">\n\t\t\t<div class=\"elementor-widget-wrap\">\n\t\t\t\t\t\t\t<\/div>\n\t\t<\/div>\n\t\t\t\t\t<\/div>\n\t\t<\/section>\n\t\t\t\t<\/div>\n\t\t","protected":false},"excerpt":{"rendered":"<p>Dichte Nebelschwaden liegen noch \u00fcber der Wiese. Es ist ein typische Sommermorgen in der N\u00e4he eines Sees. Die Sonne klettert hinter den B\u00e4umen des Waldes hervor und blinzelt noch etwas verschlafen mit ihren roten Strahlen. Auf einer Wiese am Hang steht in diesen fr\u00fchen Morgenstunden schon der Sch\u00e4fer mit seiner Herde. Die Arme auf seinen [&hellip;]<\/p>\n","protected":false},"author":1,"featured_media":0,"parent":0,"menu_order":0,"comment_status":"closed","ping_status":"closed","template":"","meta":{"site-sidebar-layout":"default","site-content-layout":"default","ast-site-content-layout":"default","site-content-style":"default","site-sidebar-style":"default","ast-global-header-display":"","ast-banner-title-visibility":"","ast-main-header-display":"","ast-hfb-above-header-display":"","ast-hfb-below-header-display":"","ast-hfb-mobile-header-display":"","site-post-title":"","ast-breadcrumbs-content":"","ast-featured-img":"","footer-sml-layout":"","ast-disable-related-posts":"","theme-transparent-header-meta":"default","adv-header-id-meta":"","stick-header-meta":"","header-above-stick-meta":"","header-main-stick-meta":"","header-below-stick-meta":"","astra-migrate-meta-layouts":"default","ast-page-background-enabled":"default","ast-page-background-meta":{"desktop":{"background-color":"","background-image":"","background-repeat":"repeat","background-position":"center center","background-size":"auto","background-attachment":"scroll","background-type":"","background-media":"","overlay-type":"","overlay-color":"","overlay-opacity":"","overlay-gradient":""},"tablet":{"background-color":"","background-image":"","background-repeat":"repeat","background-position":"center center","background-size":"auto","background-attachment":"scroll","background-type":"","background-media":"","overlay-type":"","overlay-color":"","overlay-opacity":"","overlay-gradient":""},"mobile":{"background-color":"","background-image":"","background-repeat":"repeat","background-position":"center center","background-size":"auto","background-attachment":"scroll","background-type":"","background-media":"","overlay-type":"","overlay-color":"","overlay-opacity":"","overlay-gradient":""}},"ast-content-background-meta":{"desktop":{"background-color":"var(--ast-global-color-5)","background-image":"","background-repeat":"repeat","background-position":"center center","background-size":"auto","background-attachment":"scroll","background-type":"","background-media":"","overlay-type":"","overlay-color":"","overlay-opacity":"","overlay-gradient":""},"tablet":{"background-color":"var(--ast-global-color-5)","background-image":"","background-repeat":"repeat","background-position":"center center","background-size":"auto","background-attachment":"scroll","background-type":"","background-media":"","overlay-type":"","overlay-color":"","overlay-opacity":"","overlay-gradient":""},"mobile":{"background-color":"var(--ast-global-color-5)","background-image":"","background-repeat":"repeat","background-position":"center center","background-size":"auto","background-attachment":"scroll","background-type":"","background-media":"","overlay-type":"","overlay-color":"","overlay-opacity":"","overlay-gradient":""}},"footnotes":""},"class_list":["post-100","page","type-page","status-publish","hentry"],"_links":{"self":[{"href":"https:\/\/www.jamavia-blue.de\/index.php?rest_route=\/wp\/v2\/pages\/100","targetHints":{"allow":["GET"]}}],"collection":[{"href":"https:\/\/www.jamavia-blue.de\/index.php?rest_route=\/wp\/v2\/pages"}],"about":[{"href":"https:\/\/www.jamavia-blue.de\/index.php?rest_route=\/wp\/v2\/types\/page"}],"author":[{"embeddable":true,"href":"https:\/\/www.jamavia-blue.de\/index.php?rest_route=\/wp\/v2\/users\/1"}],"replies":[{"embeddable":true,"href":"https:\/\/www.jamavia-blue.de\/index.php?rest_route=%2Fwp%2Fv2%2Fcomments&post=100"}],"version-history":[{"count":15,"href":"https:\/\/www.jamavia-blue.de\/index.php?rest_route=\/wp\/v2\/pages\/100\/revisions"}],"predecessor-version":[{"id":655,"href":"https:\/\/www.jamavia-blue.de\/index.php?rest_route=\/wp\/v2\/pages\/100\/revisions\/655"}],"wp:attachment":[{"href":"https:\/\/www.jamavia-blue.de\/index.php?rest_route=%2Fwp%2Fv2%2Fmedia&parent=100"}],"curies":[{"name":"wp","href":"https:\/\/api.w.org\/{rel}","templated":true}]}}