{"id":114,"date":"2020-01-03T11:58:32","date_gmt":"2020-01-03T11:58:32","guid":{"rendered":"https:\/\/www.jamavia-blue.de\/?page_id=114"},"modified":"2024-03-30T08:43:53","modified_gmt":"2024-03-30T08:43:53","slug":"verloren","status":"publish","type":"page","link":"https:\/\/www.jamavia-blue.de\/?page_id=114","title":{"rendered":"verloren"},"content":{"rendered":"\t\t<div data-elementor-type=\"wp-page\" data-elementor-id=\"114\" class=\"elementor elementor-114\" data-elementor-post-type=\"page\">\n\t\t\t\t\t\t<section class=\"elementor-section elementor-top-section elementor-element elementor-element-406995ff elementor-section-boxed elementor-section-height-default elementor-section-height-default\" data-id=\"406995ff\" data-element_type=\"section\" data-e-type=\"section\">\n\t\t\t\t\t\t<div class=\"elementor-container elementor-column-gap-default\">\n\t\t\t\t\t<div class=\"elementor-column elementor-col-100 elementor-top-column elementor-element elementor-element-5ca5b116\" data-id=\"5ca5b116\" data-element_type=\"column\" data-e-type=\"column\">\n\t\t\t<div class=\"elementor-widget-wrap elementor-element-populated\">\n\t\t\t\t\t\t<div class=\"elementor-element elementor-element-128be65c elementor-drop-cap-yes elementor-drop-cap-view-default elementor-widget elementor-widget-text-editor\" data-id=\"128be65c\" data-element_type=\"widget\" data-e-type=\"widget\" data-settings=\"{&quot;drop_cap&quot;:&quot;yes&quot;}\" data-widget_type=\"text-editor.default\">\n\t\t\t\t<div class=\"elementor-widget-container\">\n\t\t\t\t\t\t\t\t\t<p><em>Die Nacht senkt ihren Schleier, Musik t\u00f6nt \u00fcber den Platz.<\/em><br \/><em>Sie zieht die Seelen an, sich in ihr zu treffen.<\/em><br \/><em>Liebende und Verliebte, Verlorene, Verirrte und Einsame,<\/em><br \/><em>Zweifelde und Verzweifelte, Gestrauchelte und Strauchelnde,<\/em><br \/><em>nicht Wissende, Suchende und Gesuchte, Gesto\u00dfene und Versto\u00dfene.<\/em><br \/><em>Zwei treffen sich an einem Punkt, erkennen sich, sehen sich an und verlieren sich ineinander.<\/em><br \/><em>Treffen sich an einem anderen Tag und verlieren sich erneut,<\/em><br \/><em>kommen zusammen in der folgenden Nacht.<\/em><br \/><em>Ein neuer Tag, ein neues Erblicken, ein neues Erkennen und wieder verstricken.<\/em><br \/><em>Verlangen, verlieben, ergeben, erleben, erbl\u00fchen und ineinander vergehen,<\/em><br \/><em>einfach alles um sich herum vergessen.<\/em><br \/><em>Vergangenheit verdr\u00e4ngen, Zukunft planen, Tr\u00e4ume leben,<\/em><br \/><em>nicht mehr um sich sehen, Freunde verwerfen,<\/em><br \/><em>schlie\u00dflich stranden und niemand mehr fanden, der auff\u00e4ngt und hilft, allein gelassen.<\/em><br \/><em>Zur\u00fcckdenken, den Horizont nicht erkennen, erlebtem nachtrauern, keinen Halt mehr finden.<\/em><br \/><em>Die Seele verst\u00fcmmelt, sich selbst verdr\u00e4ngen und schlie\u00dflich kein Ausweg,<\/em><br \/><em>am Ende &#8230; &#8211;<\/em><br \/><em>Nein, Freunde bedr\u00e4ngen, die lange verloren.<\/em><br \/><em>Sich selbst wie Ph\u00f6nix aus der Asche erhoben und stehen und staunen,<\/em><br \/><em>wie einfach es war, doch ohne Freunde ?<\/em><br \/><em>Der Galgen noch nah und der Strick noch nicht fern,<\/em><br \/><em>dem Tode entronnen, neue Chance bekommen,<\/em><br \/><em>Gl\u00fcck gehabt in den Augen des Herrn.<\/em><\/p><p><!-- \/wp:paragraph --><\/p>\t\t\t\t\t\t\t\t<\/div>\n\t\t\t\t<\/div>\n\t\t\t\t\t<\/div>\n\t\t<\/div>\n\t\t\t\t\t<\/div>\n\t\t<\/section>\n\t\t\t\t<\/div>\n\t\t","protected":false},"excerpt":{"rendered":"<p>Die Nacht senkt ihren Schleier, Musik t\u00f6nt \u00fcber den Platz.Sie zieht die Seelen an, sich in ihr zu treffen.Liebende und Verliebte, Verlorene, Verirrte und Einsame,Zweifelde und Verzweifelte, Gestrauchelte und Strauchelnde,nicht Wissende, Suchende und Gesuchte, Gesto\u00dfene und Versto\u00dfene.Zwei treffen sich an einem Punkt, erkennen sich, sehen sich an und verlieren sich ineinander.Treffen sich an einem anderen [&hellip;]<\/p>\n","protected":false},"author":1,"featured_media":0,"parent":0,"menu_order":0,"comment_status":"closed","ping_status":"closed","template":"","meta":{"site-sidebar-layout":"default","site-content-layout":"default","ast-site-content-layout":"default","site-content-style":"default","site-sidebar-style":"default","ast-global-header-display":"","ast-banner-title-visibility":"","ast-main-header-display":"","ast-hfb-above-header-display":"","ast-hfb-below-header-display":"","ast-hfb-mobile-header-display":"","site-post-title":"","ast-breadcrumbs-content":"","ast-featured-img":"","footer-sml-layout":"","ast-disable-related-posts":"","theme-transparent-header-meta":"default","adv-header-id-meta":"","stick-header-meta":"","header-above-stick-meta":"","header-main-stick-meta":"","header-below-stick-meta":"","astra-migrate-meta-layouts":"default","ast-page-background-enabled":"default","ast-page-background-meta":{"desktop":{"background-color":"","background-image":"","background-repeat":"repeat","background-position":"center center","background-size":"auto","background-attachment":"scroll","background-type":"","background-media":"","overlay-type":"","overlay-color":"","overlay-opacity":"","overlay-gradient":""},"tablet":{"background-color":"","background-image":"","background-repeat":"repeat","background-position":"center center","background-size":"auto","background-attachment":"scroll","background-type":"","background-media":"","overlay-type":"","overlay-color":"","overlay-opacity":"","overlay-gradient":""},"mobile":{"background-color":"","background-image":"","background-repeat":"repeat","background-position":"center center","background-size":"auto","background-attachment":"scroll","background-type":"","background-media":"","overlay-type":"","overlay-color":"","overlay-opacity":"","overlay-gradient":""}},"ast-content-background-meta":{"desktop":{"background-color":"var(--ast-global-color-5)","background-image":"","background-repeat":"repeat","background-position":"center center","background-size":"auto","background-attachment":"scroll","background-type":"","background-media":"","overlay-type":"","overlay-color":"","overlay-opacity":"","overlay-gradient":""},"tablet":{"background-color":"var(--ast-global-color-5)","background-image":"","background-repeat":"repeat","background-position":"center center","background-size":"auto","background-attachment":"scroll","background-type":"","background-media":"","overlay-type":"","overlay-color":"","overlay-opacity":"","overlay-gradient":""},"mobile":{"background-color":"var(--ast-global-color-5)","background-image":"","background-repeat":"repeat","background-position":"center center","background-size":"auto","background-attachment":"scroll","background-type":"","background-media":"","overlay-type":"","overlay-color":"","overlay-opacity":"","overlay-gradient":""}},"footnotes":""},"class_list":["post-114","page","type-page","status-publish","hentry"],"_links":{"self":[{"href":"https:\/\/www.jamavia-blue.de\/index.php?rest_route=\/wp\/v2\/pages\/114","targetHints":{"allow":["GET"]}}],"collection":[{"href":"https:\/\/www.jamavia-blue.de\/index.php?rest_route=\/wp\/v2\/pages"}],"about":[{"href":"https:\/\/www.jamavia-blue.de\/index.php?rest_route=\/wp\/v2\/types\/page"}],"author":[{"embeddable":true,"href":"https:\/\/www.jamavia-blue.de\/index.php?rest_route=\/wp\/v2\/users\/1"}],"replies":[{"embeddable":true,"href":"https:\/\/www.jamavia-blue.de\/index.php?rest_route=%2Fwp%2Fv2%2Fcomments&post=114"}],"version-history":[{"count":9,"href":"https:\/\/www.jamavia-blue.de\/index.php?rest_route=\/wp\/v2\/pages\/114\/revisions"}],"predecessor-version":[{"id":1066,"href":"https:\/\/www.jamavia-blue.de\/index.php?rest_route=\/wp\/v2\/pages\/114\/revisions\/1066"}],"wp:attachment":[{"href":"https:\/\/www.jamavia-blue.de\/index.php?rest_route=%2Fwp%2Fv2%2Fmedia&parent=114"}],"curies":[{"name":"wp","href":"https:\/\/api.w.org\/{rel}","templated":true}]}}