{"id":126,"date":"2020-01-03T12:00:00","date_gmt":"2020-01-03T12:00:00","guid":{"rendered":"https:\/\/www.jamavia-blue.de\/?page_id=126"},"modified":"2021-03-21T10:34:14","modified_gmt":"2021-03-21T10:34:14","slug":"der-wunsch","status":"publish","type":"page","link":"https:\/\/www.jamavia-blue.de\/?page_id=126","title":{"rendered":"ein Wunsch"},"content":{"rendered":"\t\t<div data-elementor-type=\"wp-page\" data-elementor-id=\"126\" class=\"elementor elementor-126\" data-elementor-post-type=\"page\">\n\t\t\t\t\t\t<section class=\"elementor-section elementor-top-section elementor-element elementor-element-5ad2ceb7 elementor-section-boxed elementor-section-height-default elementor-section-height-default\" data-id=\"5ad2ceb7\" data-element_type=\"section\" data-e-type=\"section\">\n\t\t\t\t\t\t<div class=\"elementor-container elementor-column-gap-default\">\n\t\t\t\t\t<div class=\"elementor-column elementor-col-100 elementor-top-column elementor-element elementor-element-436bc19\" data-id=\"436bc19\" data-element_type=\"column\" data-e-type=\"column\">\n\t\t\t<div class=\"elementor-widget-wrap elementor-element-populated\">\n\t\t\t\t\t\t<div class=\"elementor-element elementor-element-188a4790 elementor-drop-cap-yes elementor-drop-cap-view-default elementor-widget elementor-widget-text-editor\" data-id=\"188a4790\" data-element_type=\"widget\" data-e-type=\"widget\" data-settings=\"{&quot;drop_cap&quot;:&quot;yes&quot;}\" data-widget_type=\"text-editor.default\">\n\t\t\t\t<div class=\"elementor-widget-container\">\n\t\t\t\t\t\t\t\t\t<p>Ein ganz bekannter Duft umschmeichelt meine Nase, ich wache auf und bin allein im Bett.<br \/>Es war wohl nur ein Traum, obwohl der Duft mir sagt, du liegst noch neben mir.<br \/>Verr\u00e4ter! \u2013 mitten im Gesicht, warum hast du mich so betrogen?<br \/>Du wei\u00dft genau, da\u00df dieser Duft mir meine Sinne raubt \u2013 und narrst mich so.<br \/>La\u00df diesen Tag nur schnell zu Ende gehen, die Zeit soll rasen, denn ich will dich wiedersehen.<br \/>Der Tag geht zur Neige und am Horizont will die Sonne gerade untergehen.<br \/>Sie sendet ein Licht aus, das so hell und voller Farbe ist, als ob sie sich zum letzten Mal verabschieden will.<br \/>Die Oberfl\u00e4che des Sees liegt fast wie ein Spiegel so ruhig.<br \/>Die Wasserv\u00f6gel drehen ihre Runden, unbeirrt vom Motorenger\u00e4usch einer F\u00e4hre.<br \/>Ein Anblick, der einem Menschen die Sehnsucht einhauchen kann, der Romantiker ins schw\u00e4rmen bringt.<br \/>Ich w\u00fcnschte Du w\u00e4rst hier und k\u00f6nntest das Bild sehen, welches \u201eMutter Natur\u201c gezaubert hat.<br \/>Wenn ich meine Augen schlie\u00dfe, dann sehe ich Dich neben mir.<\/p>\n<p><em>Jetzt nur nicht aufwachen, dieses Gef\u00fchl ist einfach zu sch\u00f6n.<\/em><\/p>\n<p><!-- \/wp:paragraph --><\/p>\t\t\t\t\t\t\t\t<\/div>\n\t\t\t\t<\/div>\n\t\t\t\t\t<\/div>\n\t\t<\/div>\n\t\t\t\t\t<\/div>\n\t\t<\/section>\n\t\t\t\t<\/div>\n\t\t","protected":false},"excerpt":{"rendered":"<p>Ein ganz bekannter Duft umschmeichelt meine Nase, ich wache auf und bin allein im Bett. Es war wohl nur ein Traum, obwohl der Duft mir sagt, du liegst noch neben mir. Verr\u00e4ter! \u2013 mitten im Gesicht, warum hast du mich so betrogen? Du wei\u00dft genau, da\u00df dieser Duft mir meine Sinne raubt \u2013 und narrst [&hellip;]<\/p>\n","protected":false},"author":1,"featured_media":0,"parent":0,"menu_order":0,"comment_status":"closed","ping_status":"closed","template":"","meta":{"site-sidebar-layout":"default","site-content-layout":"default","ast-site-content-layout":"default","site-content-style":"default","site-sidebar-style":"default","ast-global-header-display":"","ast-banner-title-visibility":"","ast-main-header-display":"","ast-hfb-above-header-display":"","ast-hfb-below-header-display":"","ast-hfb-mobile-header-display":"","site-post-title":"","ast-breadcrumbs-content":"","ast-featured-img":"","footer-sml-layout":"","ast-disable-related-posts":"","theme-transparent-header-meta":"default","adv-header-id-meta":"","stick-header-meta":"","header-above-stick-meta":"","header-main-stick-meta":"","header-below-stick-meta":"","astra-migrate-meta-layouts":"default","ast-page-background-enabled":"default","ast-page-background-meta":{"desktop":{"background-color":"","background-image":"","background-repeat":"repeat","background-position":"center center","background-size":"auto","background-attachment":"scroll","background-type":"","background-media":"","overlay-type":"","overlay-color":"","overlay-opacity":"","overlay-gradient":""},"tablet":{"background-color":"","background-image":"","background-repeat":"repeat","background-position":"center center","background-size":"auto","background-attachment":"scroll","background-type":"","background-media":"","overlay-type":"","overlay-color":"","overlay-opacity":"","overlay-gradient":""},"mobile":{"background-color":"","background-image":"","background-repeat":"repeat","background-position":"center center","background-size":"auto","background-attachment":"scroll","background-type":"","background-media":"","overlay-type":"","overlay-color":"","overlay-opacity":"","overlay-gradient":""}},"ast-content-background-meta":{"desktop":{"background-color":"var(--ast-global-color-5)","background-image":"","background-repeat":"repeat","background-position":"center center","background-size":"auto","background-attachment":"scroll","background-type":"","background-media":"","overlay-type":"","overlay-color":"","overlay-opacity":"","overlay-gradient":""},"tablet":{"background-color":"var(--ast-global-color-5)","background-image":"","background-repeat":"repeat","background-position":"center center","background-size":"auto","background-attachment":"scroll","background-type":"","background-media":"","overlay-type":"","overlay-color":"","overlay-opacity":"","overlay-gradient":""},"mobile":{"background-color":"var(--ast-global-color-5)","background-image":"","background-repeat":"repeat","background-position":"center center","background-size":"auto","background-attachment":"scroll","background-type":"","background-media":"","overlay-type":"","overlay-color":"","overlay-opacity":"","overlay-gradient":""}},"footnotes":""},"class_list":["post-126","page","type-page","status-publish","hentry"],"_links":{"self":[{"href":"https:\/\/www.jamavia-blue.de\/index.php?rest_route=\/wp\/v2\/pages\/126","targetHints":{"allow":["GET"]}}],"collection":[{"href":"https:\/\/www.jamavia-blue.de\/index.php?rest_route=\/wp\/v2\/pages"}],"about":[{"href":"https:\/\/www.jamavia-blue.de\/index.php?rest_route=\/wp\/v2\/types\/page"}],"author":[{"embeddable":true,"href":"https:\/\/www.jamavia-blue.de\/index.php?rest_route=\/wp\/v2\/users\/1"}],"replies":[{"embeddable":true,"href":"https:\/\/www.jamavia-blue.de\/index.php?rest_route=%2Fwp%2Fv2%2Fcomments&post=126"}],"version-history":[{"count":7,"href":"https:\/\/www.jamavia-blue.de\/index.php?rest_route=\/wp\/v2\/pages\/126\/revisions"}],"predecessor-version":[{"id":657,"href":"https:\/\/www.jamavia-blue.de\/index.php?rest_route=\/wp\/v2\/pages\/126\/revisions\/657"}],"wp:attachment":[{"href":"https:\/\/www.jamavia-blue.de\/index.php?rest_route=%2Fwp%2Fv2%2Fmedia&parent=126"}],"curies":[{"name":"wp","href":"https:\/\/api.w.org\/{rel}","templated":true}]}}