{"id":50,"date":"2020-01-03T11:49:01","date_gmt":"2020-01-03T11:49:01","guid":{"rendered":"https:\/\/www.jamavia-blue.de\/?page_id=50"},"modified":"2024-03-30T09:13:06","modified_gmt":"2024-03-30T09:13:06","slug":"ringel-und-seine-freunde","status":"publish","type":"page","link":"https:\/\/www.jamavia-blue.de\/?page_id=50","title":{"rendered":"Ringel und seine Freunde"},"content":{"rendered":"\t\t<div data-elementor-type=\"wp-page\" data-elementor-id=\"50\" class=\"elementor elementor-50\" data-elementor-post-type=\"page\">\n\t\t\t\t\t\t<section class=\"elementor-section elementor-top-section elementor-element elementor-element-fab235a elementor-section-boxed elementor-section-height-default elementor-section-height-default\" data-id=\"fab235a\" data-element_type=\"section\" data-e-type=\"section\">\n\t\t\t\t\t\t<div class=\"elementor-container elementor-column-gap-default\">\n\t\t\t\t\t<div class=\"elementor-column elementor-col-100 elementor-top-column elementor-element elementor-element-12067db8\" data-id=\"12067db8\" data-element_type=\"column\" data-e-type=\"column\">\n\t\t\t<div class=\"elementor-widget-wrap elementor-element-populated\">\n\t\t\t\t\t\t<div class=\"elementor-element elementor-element-b4ef17a elementor-widget__width-initial elementor-invisible elementor-widget elementor-widget-image\" data-id=\"b4ef17a\" data-element_type=\"widget\" data-e-type=\"widget\" data-settings=\"{&quot;_animation&quot;:&quot;fadeInUp&quot;}\" data-widget_type=\"image.default\">\n\t\t\t\t<div class=\"elementor-widget-container\">\n\t\t\t\t\t\t\t\t\t\t\t\t<figure class=\"wp-caption\">\n\t\t\t\t\t\t\t\t\t\t\t<a href=\"https:\/\/pixabay.com\/de\/vectors\/\">\n\t\t\t\t\t\t\t<img fetchpriority=\"high\" decoding=\"async\" width=\"300\" height=\"235\" src=\"https:\/\/www.jamavia-blue.de\/wp-content\/uploads\/2020\/01\/regenwurm-300x235.png\" class=\"attachment-medium size-medium wp-image-16\" alt=\"\" srcset=\"https:\/\/www.jamavia-blue.de\/wp-content\/uploads\/2020\/01\/regenwurm-300x235.png 300w, https:\/\/www.jamavia-blue.de\/wp-content\/uploads\/2020\/01\/regenwurm.png 437w\" sizes=\"(max-width: 300px) 100vw, 300px\" \/>\t\t\t\t\t\t\t\t<\/a>\n\t\t\t\t\t\t\t\t\t\t\t<figcaption class=\"widget-image-caption wp-caption-text\"><\/figcaption>\n\t\t\t\t\t\t\t\t\t\t<\/figure>\n\t\t\t\t\t\t\t\t\t<\/div>\n\t\t\t\t<\/div>\n\t\t\t\t<div class=\"elementor-element elementor-element-23c85e4 elementor-widget__width-initial elementor-invisible elementor-widget elementor-widget-image\" data-id=\"23c85e4\" data-element_type=\"widget\" data-e-type=\"widget\" data-settings=\"{&quot;_animation&quot;:&quot;fadeInUp&quot;}\" data-widget_type=\"image.default\">\n\t\t\t\t<div class=\"elementor-widget-container\">\n\t\t\t\t\t\t\t\t\t\t\t\t<figure class=\"wp-caption\">\n\t\t\t\t\t\t\t\t\t\t\t<a href=\"https:\/\/pixabay.com\/de\/vectors\/\">\n\t\t\t\t\t\t\t<img decoding=\"async\" src=\"https:\/\/www.jamavia-blue.de\/wp-content\/uploads\/2024\/03\/Marienkaefer.webp\" title=\"Marienk\u00e4fer\" alt=\"Marienk\u00e4fer\" loading=\"lazy\" \/>\t\t\t\t\t\t\t\t<\/a>\n\t\t\t\t\t\t\t\t\t\t\t<figcaption class=\"widget-image-caption wp-caption-text\"><\/figcaption>\n\t\t\t\t\t\t\t\t\t\t<\/figure>\n\t\t\t\t\t\t\t\t\t<\/div>\n\t\t\t\t<\/div>\n\t\t\t\t<div class=\"elementor-element elementor-element-246bb68f elementor-drop-cap-yes elementor-drop-cap-view-default elementor-widget elementor-widget-text-editor\" data-id=\"246bb68f\" data-element_type=\"widget\" data-e-type=\"widget\" data-settings=\"{&quot;drop_cap&quot;:&quot;yes&quot;}\" data-widget_type=\"text-editor.default\">\n\t\t\t\t<div class=\"elementor-widget-container\">\n\t\t\t\t\t\t\t\t\t<p>Es war einmal . . .<br \/>Ein Regenwurm mit Namen Ringel der schl\u00e4ngelte sich langsam durch das hohe Gras. Ich will doch mal sehen, ob ich nicht bei diesem sch\u00f6nen Wetter jemanden finde, mit dem ich spielen kann, dachte sich Ringel. Aber weit und breit war niemand zu sehen, also schl\u00e4ngelt er weiter. Die Sonne war schon hoch am Himmel, als Ringel an einem gro\u00dfen schweren Blatt vorbei kam. Auf dem Blatt sa\u00df ein Marienk\u00e4fer und lie\u00df sich von den Sonnenstrahlen w\u00e4rmen. Hallo du, sagte Ringel, willst du mein Freund sein und mit mir spielen. Der Marienk\u00e4fer sah sich um, konnte aber niemanden entdecken. Hier, hier unten bin ich, auf der Erde, rief Ringel.<br \/>Der Marienk\u00e4fer erhob sich in die Luft, um besser sehen zu k\u00f6nnen und da sah er Ringel auf dem Boden unter dem gro\u00dfen Blatt.<\/p><p>Hallo du, ich bin P\u00fcnktchen und wie hei\u00dft du?<br \/>Ich bin Ringel und w\u00fcrde gern mit dir spielen. Fein, sagte P\u00fcnktchen, was wollen wir beide machen? Wir k\u00f6nnten verstecken spielen, du versteckst dich und ich werde dich suchen, antwortete Ringel. So machen wir das, sagte P\u00fcnktchen und er flog los. Ringel drehte seinen Kopf gegen den Stengel vom gro\u00dfen Blatt und begann langsam zu z\u00e4hlen: eins, zwei, drei . . .<br \/>eine Zeit sp\u00e4ter sagte Ringel laut \u2013 zehn &#8211; ich komme. P\u00fcnktchen hatte sich in der Zwischenzeit auf einem Grashalm niedergelassen und dachte sich, hier findet er mich bestimmt nicht. Der Grashalm hatte sich durch die warme Sonne zu einer Rolle zusammengedreht und P\u00fcnktchen war in ihn hineingekrochen.<br \/>Es dauerte eine ganze Weile, bis Ringel zu dem Grashalm kam, in dem sich P\u00fcnktchen versteckt hatte. Aber er konnte ihm nicht sehen,<br \/>weil er ja in den Grashalm hineingekrabbelt war. Ringel versuchte es mit einem Trick, er rief ganz laut, P\u00fcnktchen, wo bist du, ich kann dich gar nicht finden.<br \/>Aber P\u00fcnktchen antwortete nicht. Nach einer Weile wurde Ringel traurig und er hatte keine Lust mehr nach Ringel zu suchen. Das Spiel ist doof, sagte Ringel, ich bin hier unten auf der Erde und du kannst dich da oben irgendwo verstecken, wo ich dich nicht sehen kann. Ringel begann zu weinen.<\/p><p>Als P\u00fcnktchen das h\u00f6rte, kam er aus seinem Blatt herausgekrochen und versuchte Ringel zu tr\u00f6sten.Ich mache dir einen Vorschlag, jetzt versteckst du dich und ich versuche dich zu finden.<br \/>Au ja, sagt Ringel und schl\u00e4ngelte sich davon. P\u00fcnktchen vergrub seinen Kopf in einer Bl\u00fcte, soda\u00df er Ringel nicht sehen konnte, er wollte ja nicht schummeln, und z\u00e4hlte ganz laut . .eins, zwei, . . f\u00fcnf . . . &#8211; zehn, ich komme jetzt.In der Zwischenzeit hatte sich Ringel unter einem gro\u00dfen L\u00f6wenzahn in die Erde eingegraben und nur noch ein ganz winziger Teil von ihm ragte heraus. P\u00fcnktchen begann zu suchen, er schaute von oben \u00fcber die ganzen Gr\u00e4ser und Bl\u00e4tter aber er konnte Ringel nicht sehen.<br \/>Nach einer Weile war auch er traurig und rief nach Ringel, der gar nicht soweit von ihm entfernt war. Ringel, ich habe dich gesehen,<br \/>du hast dich versteckt aber ich kann dich von hier oben doch sehen. P\u00fcnktchen hoffte, da\u00df Ringel auf diesen Trick hereinfiel. Ringel \u00fcberlegte kurz, hat mich P\u00fcnktchen wirklich gesehen, ich habe mich doch so gut in die Erde eingegraben. Er kam aus seinem Versteck heraus und rief P\u00fcnktchen zu, du hast gewonnen. Aber von da oben kann man ja auch viel besser sehen, als von der Erde aus.Auf einmal wurde es windig und dicke, dunkle Regenwolken zogen am Himmel heran.<br \/>Pl\u00f6tzlich begann es zu regnen. Uhi, Regen, das ist sch\u00f6n, endlich, da kann ich mich wieder baden, das mag ich gern.<br \/>Ein dicker Regentropfen fiel auf das Blatt auf dem P\u00fcnktchen sa\u00df. Heh du &#8211; was machst du hier, ich war zuerst hier.<br \/>Geh weg, du machst mir meine Fl\u00fcgel na\u00df und dann kann ich gar nicht mehr fliegen, schimpfte P\u00fcnktchen den Regentropfen an.<br \/>Hallo du, K\u00e4fer, ich bin der Regentropfen Platsch und komme von ganz weit her, von oben aus den Wolken. Entschuldige bitte, wenn ich dich na\u00df gemacht habe aber ich bin nun einmal aus Wasser. Ich hei\u00dfe P\u00fcnktchen und bin ein Marienk\u00e4fer und Marienk\u00e4fer m\u00f6gen kein Wasser auf ihren Fl\u00fcgeln, entgegnete P\u00fcnktchen zornig.<br \/>La\u00df uns Freunde sein, sagte Platsch, ich bin nicht wie du und kann mich nicht lange an einem Ort aufhalten, denn wir Wassertropfen wollen immer weiter und fallen dann irgendwann auf die Erde.<br \/>Gut, wenn du mir versprichst, meine Fl\u00fcgel nicht na\u00df zu machen, dann la\u00df uns Freunde sein. In der Zwischenzeit wartete Ringel am Boden auf den ersten Regentropfen und hatte gar nicht bemerkt, wie sich P\u00fcnktchen mit Platsch unterhalten hatte. P\u00fcnktchen komm, ich m\u00f6chte etwas anderes spielen.Mir gef\u00e4llt dieses Spiel aber und wir haben einen neuen Mitspieler gefunden, es ist der Regentropfen Platsch, der sitzt genau neben mir hier oben auf dem Blatt.<\/p><p>Magst du mit uns verstecken spielen, fragte er ihn und Platsch antwortete &#8211; gern aber ihr m\u00fc\u00dft mir erkl\u00e4ren, wie das geht. Das ist ganz einfach sagte Ringel, der sich dar\u00fcber freute, da\u00df sie nun zu dritt waren. Jeder sucht sich ein Versteck aus und einer von uns mu\u00df die Anderen dann suchen und finden.<br \/>Wer zuerst gefunden wird, der ist dann an der Reihe die Anderen zu suchen und so weiter &#8230; Au ja, das gef\u00e4llt mir, da mache ich mit sagte Platsch.<br \/>Wer soll mit dem Suchen anfangen, fragte er? Ich werde es noch einmal versuchen, sagte P\u00fcnktchen, du bist ja neu, Platsch, also darfst du dich auch erst einmal verstecken.<br \/>Gesagt, getan, Platsch und Ringel versteckten sich. Ringel, der ja beim ersten Mal schon nicht gefunden wurde von P\u00fcnktchen, dachte sich,<br \/>ich werde mich genau unter dem Blatt eingraben, unter dem die beiden andern sind, eingraben hat schon beim ersten Mal gut funktioniert. Platsch dachte sich, ich werde mich einfach vom Blatt fallen lassen und in die Erde sinken, dann kann mich P\u00fcnktchen nicht mehr sehen. und so machten sich beide auf und verschwanden in der Erde.<br \/>P\u00fcnktchen begann wieder zu z\u00e4hlen . . eins . . vier . . zehn, ich komme jetzt. P\u00fcnktchen flog einen gro\u00dfe Runde, schaute von oben, schaute unter das Blatt, er konnte keinen entdecken.<br \/>Hmm, dachte er sich, wo k\u00f6nne die beiden nur sein, ich habe auf dem Boden nur ein kleines H\u00e4ufchen Erde gefunden und einen dunklen Fleck, nirgends eine Spur von Ringel oder Platsch.<br \/>Es dauerte eine Zeit, dann flog P\u00fcnktchen zur\u00fcck auf seinen Platz auf dem Blatt und wurde ganz traurig. Eine dicke Tr\u00e4ne kullerte aus seinen Augen, rollte am Blatt entlang und viel dann auf den Boden. Eine kurze Zeit sp\u00e4ter sah P\u00fcnktchen, wie von der Tr\u00e4ne nur noch ein dunkler Fleck auf der Erde zu sehen war und da viel es ihm ein.<br \/>Nat\u00fcrlich, der Regentropfen Platsch hatte sich in der Erde versteckt. Er rief nach Platsch, du kannst herauskommen, ich wei\u00df, da\u00df du dich in der erde versteckt hast.<br \/>Da sie aber bei ihrem Spiel vollkommen vergessen hatten, da\u00df die Sonne schon wieder am Himmel stand und keine Wolken mehr da war, hat keiner bemerkt, da\u00df der dunkle Fleck in der Erde, wo Platsch sich versteckt hatte, verschwunden war.<\/p><p>Regentropfen k\u00f6nnen sich nicht gut festhalten, ganz gleich wo sie auch immer sind, ob auf einem Blatt, an der Rinde eines Baumes oder auf der Erde, sie rollen davon, rutschen weg oder sinken in die Erde ein. Und so ist es auch Platsch ergangen, er ist immer tiefer in die Erde eingesunken, bis ihn keiner mehr finden konnte. Erst die Wurzel einer Pflanze hatte ihn festgehalten, ihn aufgesaugt und so hatte der Baum etwas zu trinken bekommen.<\/p><p>Und damit ist die Geschichte von Ringel, P\u00fcnktchen und Platsch zu Ende . . .<\/p>\t\t\t\t\t\t\t\t<\/div>\n\t\t\t\t<\/div>\n\t\t\t\t\t<\/div>\n\t\t<\/div>\n\t\t\t\t\t<\/div>\n\t\t<\/section>\n\t\t\t\t<\/div>\n\t\t","protected":false},"excerpt":{"rendered":"<p>Es war einmal . . .Ein Regenwurm mit Namen Ringel der schl\u00e4ngelte sich langsam durch das hohe Gras. Ich will doch mal sehen, ob ich nicht bei diesem sch\u00f6nen Wetter jemanden finde, mit dem ich spielen kann, dachte sich Ringel. Aber weit und breit war niemand zu sehen, also schl\u00e4ngelt er weiter. Die Sonne war [&hellip;]<\/p>\n","protected":false},"author":1,"featured_media":0,"parent":0,"menu_order":0,"comment_status":"closed","ping_status":"closed","template":"","meta":{"site-sidebar-layout":"default","site-content-layout":"","ast-site-content-layout":"default","site-content-style":"default","site-sidebar-style":"default","ast-global-header-display":"","ast-banner-title-visibility":"","ast-main-header-display":"","ast-hfb-above-header-display":"","ast-hfb-below-header-display":"","ast-hfb-mobile-header-display":"","site-post-title":"","ast-breadcrumbs-content":"","ast-featured-img":"","footer-sml-layout":"","ast-disable-related-posts":"","theme-transparent-header-meta":"","adv-header-id-meta":"","stick-header-meta":"","header-above-stick-meta":"","header-main-stick-meta":"","header-below-stick-meta":"","astra-migrate-meta-layouts":"default","ast-page-background-enabled":"default","ast-page-background-meta":{"desktop":{"background-color":"","background-image":"","background-repeat":"repeat","background-position":"center center","background-size":"auto","background-attachment":"scroll","background-type":"","background-media":"","overlay-type":"","overlay-color":"","overlay-opacity":"","overlay-gradient":""},"tablet":{"background-color":"","background-image":"","background-repeat":"repeat","background-position":"center center","background-size":"auto","background-attachment":"scroll","background-type":"","background-media":"","overlay-type":"","overlay-color":"","overlay-opacity":"","overlay-gradient":""},"mobile":{"background-color":"","background-image":"","background-repeat":"repeat","background-position":"center center","background-size":"auto","background-attachment":"scroll","background-type":"","background-media":"","overlay-type":"","overlay-color":"","overlay-opacity":"","overlay-gradient":""}},"ast-content-background-meta":{"desktop":{"background-color":"var(--ast-global-color-5)","background-image":"","background-repeat":"repeat","background-position":"center center","background-size":"auto","background-attachment":"scroll","background-type":"","background-media":"","overlay-type":"","overlay-color":"","overlay-opacity":"","overlay-gradient":""},"tablet":{"background-color":"var(--ast-global-color-5)","background-image":"","background-repeat":"repeat","background-position":"center center","background-size":"auto","background-attachment":"scroll","background-type":"","background-media":"","overlay-type":"","overlay-color":"","overlay-opacity":"","overlay-gradient":""},"mobile":{"background-color":"var(--ast-global-color-5)","background-image":"","background-repeat":"repeat","background-position":"center center","background-size":"auto","background-attachment":"scroll","background-type":"","background-media":"","overlay-type":"","overlay-color":"","overlay-opacity":"","overlay-gradient":""}},"footnotes":""},"class_list":["post-50","page","type-page","status-publish","hentry"],"_links":{"self":[{"href":"https:\/\/www.jamavia-blue.de\/index.php?rest_route=\/wp\/v2\/pages\/50","targetHints":{"allow":["GET"]}}],"collection":[{"href":"https:\/\/www.jamavia-blue.de\/index.php?rest_route=\/wp\/v2\/pages"}],"about":[{"href":"https:\/\/www.jamavia-blue.de\/index.php?rest_route=\/wp\/v2\/types\/page"}],"author":[{"embeddable":true,"href":"https:\/\/www.jamavia-blue.de\/index.php?rest_route=\/wp\/v2\/users\/1"}],"replies":[{"embeddable":true,"href":"https:\/\/www.jamavia-blue.de\/index.php?rest_route=%2Fwp%2Fv2%2Fcomments&post=50"}],"version-history":[{"count":23,"href":"https:\/\/www.jamavia-blue.de\/index.php?rest_route=\/wp\/v2\/pages\/50\/revisions"}],"predecessor-version":[{"id":1082,"href":"https:\/\/www.jamavia-blue.de\/index.php?rest_route=\/wp\/v2\/pages\/50\/revisions\/1082"}],"wp:attachment":[{"href":"https:\/\/www.jamavia-blue.de\/index.php?rest_route=%2Fwp%2Fv2%2Fmedia&parent=50"}],"curies":[{"name":"wp","href":"https:\/\/api.w.org\/{rel}","templated":true}]}}