{"id":62,"date":"2020-01-03T11:51:04","date_gmt":"2020-01-03T11:51:04","guid":{"rendered":"https:\/\/www.jamavia-blue.de\/?page_id=62"},"modified":"2021-03-20T19:36:00","modified_gmt":"2021-03-20T19:36:00","slug":"der-teufel","status":"publish","type":"page","link":"https:\/\/www.jamavia-blue.de\/?page_id=62","title":{"rendered":"Teufel"},"content":{"rendered":"\t\t<div data-elementor-type=\"wp-page\" data-elementor-id=\"62\" class=\"elementor elementor-62\" data-elementor-post-type=\"page\">\n\t\t\t\t\t\t<section class=\"elementor-section elementor-top-section elementor-element elementor-element-20968572 elementor-section-boxed elementor-section-height-default elementor-section-height-default\" data-id=\"20968572\" data-element_type=\"section\" data-e-type=\"section\">\n\t\t\t\t\t\t<div class=\"elementor-container elementor-column-gap-default\">\n\t\t\t\t\t<div class=\"elementor-column elementor-col-100 elementor-top-column elementor-element elementor-element-291d945f\" data-id=\"291d945f\" data-element_type=\"column\" data-e-type=\"column\">\n\t\t\t<div class=\"elementor-widget-wrap elementor-element-populated\">\n\t\t\t\t\t\t<div class=\"elementor-element elementor-element-840bd86 elementor-drop-cap-yes elementor-drop-cap-view-default elementor-widget elementor-widget-text-editor\" data-id=\"840bd86\" data-element_type=\"widget\" data-e-type=\"widget\" data-settings=\"{&quot;drop_cap&quot;:&quot;yes&quot;}\" data-widget_type=\"text-editor.default\">\n\t\t\t\t<div class=\"elementor-widget-container\">\n\t\t\t\t\t\t\t\t\t<p>Diese Nacht werde ich wach. An der Wand ist nur schemenhaft eine Gestalt zu erkennen. \u201eWillst du das<strong> ewige Leben<\/strong>,\u201c h\u00f6re ich sie fragen. Mir f\u00e4hrt es eiskalt \u00fcber den R\u00fccken, welch` eine Frage. Ewig leben, wer w\u00fcrde bei diesem Satz nicht ins Gr\u00fcbeln kommen. Noch bevor ich diesen Gedanken richtig beendet habe, willige ich ein. Gleich welchen Preis auch immer ich daf\u00fcr zu zahlen habe, nichts kann so wertvoll sein, wie die Ewigkeit. \u201eGut, so sei es,\u201c sagt die Gestalt und tritt in das fahle Mondlicht. Was f\u00fcr eine Fratze, nicht einmal ein Bild von Picasso k\u00f6nnte einen Menschen so entstellen. Er kommt leicht hinkend auf mich zu, \u201edu mu\u00dft nur noch diesen Vertrag unterschreiben, damit unser Deal auch gilt.\u201c Ich will gerade nach dem Kugelschreiber auf dem Nachttisch greifen, da beginnt er zu lachen. Ein Lachen, das ganze H\u00e4user weit noch zu h\u00f6ren sein mu\u00df, doch niemand wird davon wach.<\/p>\n<p><em><strong>\u201eDu Dummerchen, glaubst du etwa dies ist ein einfacher Vertrag, hier wird mit deinem Blut unterschrieben. <br \/>Ich m\u00f6chte doch nicht, da\u00df du hinterher, wenn die Nacht gegangen ist Alles nur f\u00fcr einen Traum h\u00e4ltst.\u201c<\/strong><\/em><\/p>\n<p>Schon hat er ein scharfes Messer in der Hand und h\u00e4lt es mir vor das Gesicht. \u201eGib mir deine Hand.\u201c Ich strecke etwas zitternd meine linke Hand vor und wie in Windeseile macht er mit dem Messer in meinen Zeigefinger einen kleinen Schnitt. Kaum bemerkt h\u00e4ngt ein gro\u00dfer Tropfen des roten Lebenssaftes an meinem Finger. Er nimmt seine mitgebrachte Feder und taucht sie in den Tropfen.<\/p>\n<p><em><strong>\u201eJetzt kannst du unterschreiben, dann gilt erst der Vertrag.\u201c<\/strong><\/em><\/p>\n<p>Einen Moment z\u00f6gere ich, was, wenn dies alles kein Traum ist, was wenn es wirklich geschieht? Diese Gedanken wird wohl erst der n\u00e4chste Morgen beantworten. Der Morgen graut, die Sonne beginnt ihre Bahn, so wie jeden Tag. Ich liege verschlafen in meinem Bett. Was hatte ich denn diese Nacht f\u00fcr einen schrecklichen Traum. Meine Gedanken lassen meine linke Hand wie von selbst unter der Bettdecke hervorkommen.<\/p>\n<p>Das kann nicht sein, das ist einfach nicht m\u00f6glich, ich habe doch nur getr\u00e4umt. An meinem Zeigefinger ist ein kleiner, kaum sichtbarer Ritz, um den herum sich schon etwas Schorf gebildet hat. Sollte ich wirklich . . . habe ich diesen Vertrag unterschrieben? Mir wird schlecht, ich gehe ins Bad und sehe in den Spiegel. Ein Spiegelbild habe ich noch, ach ja, das war ja auch eigentlich die Geschichte mit den Vampiren, dennoch wird mir nicht besser. Wie bekomme ich jetzt am schnellsten heraus, ob das Alles nicht doch nur ein b\u00f6ser Traum war? Das ewige Leben hatte er gefragt, also m\u00fc\u00dfte ich ja ab heute unsterblich sein. Eine Tatsache, die sich leicht \u00fcberpr\u00fcfen l\u00e4\u00dft. Wir wohnen hier doch im zehnten Stock, wenn ich aus dem Fenster springe, m\u00fc\u00dfte ich nach dem Aufprall einfach aufstehen k\u00f6nnen, so als w\u00e4re nicht passiert. Ich \u00f6ffne das Fenster. Ganz sch\u00f6n hoch hier, ich beuge mich weit hinaus, soll ich oder soll ich nicht? Aber schlie\u00dflich habe ich ja einen Deal mit dem Teufel pers\u00f6nlich. Ich springe hinunter, es ist ein harter Aufschlag. Wie ein Vorhang l\u00e4uft vor meinen Augen das rote Blut \u00fcber mein Gesicht. Das kann doch nicht sein?!<\/p>\n<p>Er hatte mir doch das ewige Leben versprochen und mich den Vertrag unterschreiben lassen. Mein Leben beginnt wie mit Lichtgeschwindigkeit an mir vor\u00fcber zu ziehen. Was stand da alles im Vertrag, und auf der R\u00fcckseite?\u00a0\u00a0 . . . nicht bei Selbstmord.<\/p>\n<p>Er hat mich gelinkt, der Teufel hat mich gelinkt! Ich schreie auf, sehe auf einmal einen Tisch\u00a0und vor mir liegt mein altes Hemd. \u201eNa, mein Junge, hast du dich wieder einmal mit der Nadel beim Knopfann\u00e4hen gestochen?\u201c, fragt mich meine Mutter. <\/p>\n<p>Und die Moral von der Geschichte!\u00a0\u00a0<\/p>\n<p><strong><em>Man sollte immer das Kleingedruckte in Vertr\u00e4gen lesen und vor allem nicht auf den Teufel h\u00f6ren.<\/em><\/strong><\/p>\n<p><strong><em>Sch\u00f6ne Worte allein gen\u00fcgen nicht, denn er verspricht nur, er mu\u00df es ja nicht halten.<\/em><\/strong><\/p>\n<p><!-- \/wp:paragraph --><\/p>\t\t\t\t\t\t\t\t<\/div>\n\t\t\t\t<\/div>\n\t\t\t\t\t<\/div>\n\t\t<\/div>\n\t\t\t\t\t<\/div>\n\t\t<\/section>\n\t\t\t\t<\/div>\n\t\t","protected":false},"excerpt":{"rendered":"<p>Diese Nacht werde ich wach. An der Wand ist nur schemenhaft eine Gestalt zu erkennen. \u201eWillst du das ewige Leben,\u201c h\u00f6re ich sie fragen. Mir f\u00e4hrt es eiskalt \u00fcber den R\u00fccken, welch` eine Frage. Ewig leben, wer w\u00fcrde bei diesem Satz nicht ins Gr\u00fcbeln kommen. Noch bevor ich diesen Gedanken richtig beendet habe, willige ich [&hellip;]<\/p>\n","protected":false},"author":1,"featured_media":0,"parent":0,"menu_order":0,"comment_status":"closed","ping_status":"closed","template":"","meta":{"site-sidebar-layout":"default","site-content-layout":"default","ast-site-content-layout":"default","site-content-style":"default","site-sidebar-style":"default","ast-global-header-display":"","ast-banner-title-visibility":"","ast-main-header-display":"","ast-hfb-above-header-display":"","ast-hfb-below-header-display":"","ast-hfb-mobile-header-display":"","site-post-title":"","ast-breadcrumbs-content":"","ast-featured-img":"","footer-sml-layout":"","ast-disable-related-posts":"","theme-transparent-header-meta":"default","adv-header-id-meta":"","stick-header-meta":"","header-above-stick-meta":"","header-main-stick-meta":"","header-below-stick-meta":"","astra-migrate-meta-layouts":"default","ast-page-background-enabled":"default","ast-page-background-meta":{"desktop":{"background-color":"","background-image":"","background-repeat":"repeat","background-position":"center center","background-size":"auto","background-attachment":"scroll","background-type":"","background-media":"","overlay-type":"","overlay-color":"","overlay-opacity":"","overlay-gradient":""},"tablet":{"background-color":"","background-image":"","background-repeat":"repeat","background-position":"center center","background-size":"auto","background-attachment":"scroll","background-type":"","background-media":"","overlay-type":"","overlay-color":"","overlay-opacity":"","overlay-gradient":""},"mobile":{"background-color":"","background-image":"","background-repeat":"repeat","background-position":"center center","background-size":"auto","background-attachment":"scroll","background-type":"","background-media":"","overlay-type":"","overlay-color":"","overlay-opacity":"","overlay-gradient":""}},"ast-content-background-meta":{"desktop":{"background-color":"var(--ast-global-color-5)","background-image":"","background-repeat":"repeat","background-position":"center center","background-size":"auto","background-attachment":"scroll","background-type":"","background-media":"","overlay-type":"","overlay-color":"","overlay-opacity":"","overlay-gradient":""},"tablet":{"background-color":"var(--ast-global-color-5)","background-image":"","background-repeat":"repeat","background-position":"center center","background-size":"auto","background-attachment":"scroll","background-type":"","background-media":"","overlay-type":"","overlay-color":"","overlay-opacity":"","overlay-gradient":""},"mobile":{"background-color":"var(--ast-global-color-5)","background-image":"","background-repeat":"repeat","background-position":"center center","background-size":"auto","background-attachment":"scroll","background-type":"","background-media":"","overlay-type":"","overlay-color":"","overlay-opacity":"","overlay-gradient":""}},"footnotes":""},"class_list":["post-62","page","type-page","status-publish","hentry"],"_links":{"self":[{"href":"https:\/\/www.jamavia-blue.de\/index.php?rest_route=\/wp\/v2\/pages\/62","targetHints":{"allow":["GET"]}}],"collection":[{"href":"https:\/\/www.jamavia-blue.de\/index.php?rest_route=\/wp\/v2\/pages"}],"about":[{"href":"https:\/\/www.jamavia-blue.de\/index.php?rest_route=\/wp\/v2\/types\/page"}],"author":[{"embeddable":true,"href":"https:\/\/www.jamavia-blue.de\/index.php?rest_route=\/wp\/v2\/users\/1"}],"replies":[{"embeddable":true,"href":"https:\/\/www.jamavia-blue.de\/index.php?rest_route=%2Fwp%2Fv2%2Fcomments&post=62"}],"version-history":[{"count":15,"href":"https:\/\/www.jamavia-blue.de\/index.php?rest_route=\/wp\/v2\/pages\/62\/revisions"}],"predecessor-version":[{"id":610,"href":"https:\/\/www.jamavia-blue.de\/index.php?rest_route=\/wp\/v2\/pages\/62\/revisions\/610"}],"wp:attachment":[{"href":"https:\/\/www.jamavia-blue.de\/index.php?rest_route=%2Fwp%2Fv2%2Fmedia&parent=62"}],"curies":[{"name":"wp","href":"https:\/\/api.w.org\/{rel}","templated":true}]}}