{"id":647,"date":"2021-03-21T10:27:42","date_gmt":"2021-03-21T10:27:42","guid":{"rendered":"https:\/\/www.jamavia-blue.de\/?page_id=647"},"modified":"2021-03-21T10:30:13","modified_gmt":"2021-03-21T10:30:13","slug":"ueberfahrt","status":"publish","type":"page","link":"https:\/\/www.jamavia-blue.de\/?page_id=647","title":{"rendered":"\u00dcberfahrt"},"content":{"rendered":"\t\t<div data-elementor-type=\"wp-page\" data-elementor-id=\"647\" class=\"elementor elementor-647\" data-elementor-post-type=\"page\">\n\t\t\t\t\t\t<section class=\"elementor-section elementor-top-section elementor-element elementor-element-7dad2160 elementor-section-boxed elementor-section-height-default elementor-section-height-default\" data-id=\"7dad2160\" data-element_type=\"section\" data-e-type=\"section\">\n\t\t\t\t\t\t<div class=\"elementor-container elementor-column-gap-default\">\n\t\t\t\t\t<div class=\"elementor-column elementor-col-100 elementor-top-column elementor-element elementor-element-1883e957\" data-id=\"1883e957\" data-element_type=\"column\" data-e-type=\"column\">\n\t\t\t<div class=\"elementor-widget-wrap elementor-element-populated\">\n\t\t\t\t\t\t<div class=\"elementor-element elementor-element-291803ad elementor-drop-cap-yes elementor-drop-cap-view-default elementor-widget elementor-widget-text-editor\" data-id=\"291803ad\" data-element_type=\"widget\" data-e-type=\"widget\" data-settings=\"{&quot;drop_cap&quot;:&quot;yes&quot;}\" data-widget_type=\"text-editor.default\">\n\t\t\t\t<div class=\"elementor-widget-container\">\n\t\t\t\t\t\t\t\t\t<p>Der Himmel leuchtet in den phantastischsten Farbt\u00f6nen, feuerrot, violett, golden, dunkelrot, dann wieder ein leuchtendes Gelb.<br \/>Ein Maler h\u00e4tte keine sch\u00f6nere Zusammenstellung finden k\u00f6nnen. Langsam durchtrennt der Kiel der F\u00e4hre das Wasser.<br \/>Hinter ihr bilden sich gro\u00dfe, schwere Wellen, die, je weiter sie sich vom Schiff entfernen, immer kleiner und flacher werden.<br \/>Wildg\u00e4nse und Schw\u00e4ne, Enten und Haubentaucher lassen sich durch die Wellen treiben und schaukeln, wie kleine Boote dahin.<br \/>Auf dem Oberdeck sitzen vereinzelt Passagiere, sie erfreuen sich am Anblick des Sonnenunterganges. Immer weiter entfernt sich die F\u00e4hre von der Insel.<br \/>Es liegt eine Stimmung in der Luft, bei der man ins tr\u00e4umen kommt. Jetzt hier oben sitzen, eine sch\u00f6ne Frau im Arm,<br \/>sich gegenseitig w\u00e4rmen und an die sch\u00f6nste Sache der Welt denken.<br \/>Sie betritt das Schlafzimmer, es ist bereits weit nach Mitternacht. Ihre Hand sucht nach dem Lichtschalter.<br \/>Trotzdem sie ihn bet\u00e4tigt, das Licht scheint defekt zu sein. Pl\u00f6tzlich versucht irgend jemand ihr ein Tuch von hinten vor die Augen zu binden und<br \/>sie, obwohl sie Angst vor solchen Angriffen hat, l\u00e4sst es geschehen.<br \/>Da ist wieder der Duft, der bekannte Duft, den sie schon einmal in ihrer Umgebung wahrgenommen hatte. Hinter ihr schlie\u00dft sich die T\u00fcr.<br \/>Unter ihrer Augenbinde bemerkt sie, das es doch hell im Raum geworden ist.<br \/>Im Hintergrund ist leise, romantische Musik zu h\u00f6ren. Eine Hand f\u00fchrt sie. Ihr Knie st\u00f6\u00dft an etwas Hartes, die Kante vom Bett.<br \/>Beinahe w\u00e4re sie gestolpert, zum Gl\u00fcck konnten seine starken Arm sie noch halten.<br \/>Sie bleibt stehen. Zwei H\u00e4nde beginnen sie langsam von ihren Kleidern zu entledigen. Um sie herum breitet sich der bekannte Duft aus.<br \/>Bei jedem Kleidungsst\u00fcck, das sie verliert, steigt ihre Anspannung. Als nur noch das H\u00f6schen \u00fcbrig ist und dieses behutsam nach unten gleitet, beginnt<br \/>ihr Herz zu rasen. Ihr ganzer K\u00f6rper steht jetzt unter Hochspannung, ihr Busen hebt sich.<\/p>\n<p>Die H\u00e4nde legen sie vorsichtig auf das Bett. Immer noch hat sie ihre Augenbinde um, trotzdem f\u00fchlt sie sich in jedem Augenblick geborgen, als w\u00fcrde sie ihren Partner<br \/>schon eine Ewigkeit kennen.<br \/>Als sie mit dem R\u00fccken auf dem Bett liegt, sp\u00fcrt sie etwas Weiches auf der Haut. Vom Hals ab ber\u00fchrt er sie. St\u00fcck f\u00fcr St\u00fcck, Zentimeter f\u00fcr Zentimeter<br \/>gleitet er am K\u00f6rper herunter. Je weiter er nach unten kommt, desto schneller werden ihre Bewegungen. Ihre<br \/>Atmung wird immer schneller, ihr St\u00f6hnen immer lauter.<br \/>Als der Gegenstand die Innenseite ihrer Schenkel ber\u00fchrt, explodiert sie mit einem lauten Schrei zu einem unglaublichen H\u00f6hepunkt.<br \/>V\u00f6llig ermattet, aber gl\u00fccklich, liegt sie auf dem Bett, nimmt ihre Augenbinde ab, um vielleicht dieses Mal die Person zu sehen, die sie so in<br \/>Ekstase versetzt hatte.<br \/>Neben ihr liegt eine lange Pfauenfeder, aber im ganzen Zimmer ist niemand zu sehen. Mit einem lauten Knall f\u00e4llt pl\u00f6tzlich die Zimmert\u00fcr ins Schloss.<br \/>Er war also hier und konnte wieder ungesehen den Raum verlassen.<br \/>Ein pl\u00f6tzlicher Ruck &#8211; die F\u00e4hre hat am Festland angelegt. Ich muss wohl eingenickt sein. Ich nehme meine Sachen und gehe von Bord.<br \/><br \/>Auf der R\u00fcckfahrt gehen mir meine Gedanken noch einmal durch den Kopf und ich w\u00fcnschte mir, Du w\u00e4rst hier.<\/p>\n<p><!-- \/wp:paragraph --><\/p>\t\t\t\t\t\t\t\t<\/div>\n\t\t\t\t<\/div>\n\t\t\t\t\t<\/div>\n\t\t<\/div>\n\t\t\t\t\t<\/div>\n\t\t<\/section>\n\t\t\t\t<\/div>\n\t\t","protected":false},"excerpt":{"rendered":"<p>Der Himmel leuchtet in den phantastischsten Farbt\u00f6nen, feuerrot, violett, golden, dunkelrot, dann wieder ein leuchtendes Gelb.Ein Maler h\u00e4tte keine sch\u00f6nere Zusammenstellung finden k\u00f6nnen. Langsam durchtrennt der Kiel der F\u00e4hre das Wasser.Hinter ihr bilden sich gro\u00dfe, schwere Wellen, die, je weiter sie sich vom Schiff entfernen, immer kleiner und flacher werden.Wildg\u00e4nse und Schw\u00e4ne, Enten und Haubentaucher [&hellip;]<\/p>\n","protected":false},"author":1,"featured_media":0,"parent":0,"menu_order":0,"comment_status":"closed","ping_status":"closed","template":"","meta":{"site-sidebar-layout":"default","site-content-layout":"","ast-site-content-layout":"default","site-content-style":"default","site-sidebar-style":"default","ast-global-header-display":"","ast-banner-title-visibility":"","ast-main-header-display":"","ast-hfb-above-header-display":"","ast-hfb-below-header-display":"","ast-hfb-mobile-header-display":"","site-post-title":"","ast-breadcrumbs-content":"","ast-featured-img":"","footer-sml-layout":"","ast-disable-related-posts":"","theme-transparent-header-meta":"","adv-header-id-meta":"","stick-header-meta":"","header-above-stick-meta":"","header-main-stick-meta":"","header-below-stick-meta":"","astra-migrate-meta-layouts":"default","ast-page-background-enabled":"default","ast-page-background-meta":{"desktop":{"background-color":"","background-image":"","background-repeat":"repeat","background-position":"center center","background-size":"auto","background-attachment":"scroll","background-type":"","background-media":"","overlay-type":"","overlay-color":"","overlay-opacity":"","overlay-gradient":""},"tablet":{"background-color":"","background-image":"","background-repeat":"repeat","background-position":"center center","background-size":"auto","background-attachment":"scroll","background-type":"","background-media":"","overlay-type":"","overlay-color":"","overlay-opacity":"","overlay-gradient":""},"mobile":{"background-color":"","background-image":"","background-repeat":"repeat","background-position":"center center","background-size":"auto","background-attachment":"scroll","background-type":"","background-media":"","overlay-type":"","overlay-color":"","overlay-opacity":"","overlay-gradient":""}},"ast-content-background-meta":{"desktop":{"background-color":"var(--ast-global-color-5)","background-image":"","background-repeat":"repeat","background-position":"center center","background-size":"auto","background-attachment":"scroll","background-type":"","background-media":"","overlay-type":"","overlay-color":"","overlay-opacity":"","overlay-gradient":""},"tablet":{"background-color":"var(--ast-global-color-5)","background-image":"","background-repeat":"repeat","background-position":"center center","background-size":"auto","background-attachment":"scroll","background-type":"","background-media":"","overlay-type":"","overlay-color":"","overlay-opacity":"","overlay-gradient":""},"mobile":{"background-color":"var(--ast-global-color-5)","background-image":"","background-repeat":"repeat","background-position":"center center","background-size":"auto","background-attachment":"scroll","background-type":"","background-media":"","overlay-type":"","overlay-color":"","overlay-opacity":"","overlay-gradient":""}},"footnotes":""},"class_list":["post-647","page","type-page","status-publish","hentry"],"_links":{"self":[{"href":"https:\/\/www.jamavia-blue.de\/index.php?rest_route=\/wp\/v2\/pages\/647","targetHints":{"allow":["GET"]}}],"collection":[{"href":"https:\/\/www.jamavia-blue.de\/index.php?rest_route=\/wp\/v2\/pages"}],"about":[{"href":"https:\/\/www.jamavia-blue.de\/index.php?rest_route=\/wp\/v2\/types\/page"}],"author":[{"embeddable":true,"href":"https:\/\/www.jamavia-blue.de\/index.php?rest_route=\/wp\/v2\/users\/1"}],"replies":[{"embeddable":true,"href":"https:\/\/www.jamavia-blue.de\/index.php?rest_route=%2Fwp%2Fv2%2Fcomments&post=647"}],"version-history":[{"count":3,"href":"https:\/\/www.jamavia-blue.de\/index.php?rest_route=\/wp\/v2\/pages\/647\/revisions"}],"predecessor-version":[{"id":650,"href":"https:\/\/www.jamavia-blue.de\/index.php?rest_route=\/wp\/v2\/pages\/647\/revisions\/650"}],"wp:attachment":[{"href":"https:\/\/www.jamavia-blue.de\/index.php?rest_route=%2Fwp%2Fv2%2Fmedia&parent=647"}],"curies":[{"name":"wp","href":"https:\/\/api.w.org\/{rel}","templated":true}]}}