{"id":68,"date":"2020-01-03T11:51:58","date_gmt":"2020-01-03T11:51:58","guid":{"rendered":"https:\/\/www.jamavia-blue.de\/?page_id=68"},"modified":"2021-03-20T19:17:26","modified_gmt":"2021-03-20T19:17:26","slug":"der-letzte-kuss","status":"publish","type":"page","link":"https:\/\/www.jamavia-blue.de\/?page_id=68","title":{"rendered":"der letzte Ku\u00df"},"content":{"rendered":"\t\t<div data-elementor-type=\"wp-page\" data-elementor-id=\"68\" class=\"elementor elementor-68\" data-elementor-post-type=\"page\">\n\t\t\t\t\t\t<section class=\"elementor-section elementor-top-section elementor-element elementor-element-7d5837d2 elementor-section-boxed elementor-section-height-default elementor-section-height-default\" data-id=\"7d5837d2\" data-element_type=\"section\" data-e-type=\"section\">\n\t\t\t\t\t\t<div class=\"elementor-container elementor-column-gap-default\">\n\t\t\t\t\t<div class=\"elementor-column elementor-col-100 elementor-top-column elementor-element elementor-element-e9c1a89\" data-id=\"e9c1a89\" data-element_type=\"column\" data-e-type=\"column\">\n\t\t\t<div class=\"elementor-widget-wrap elementor-element-populated\">\n\t\t\t\t\t\t<div class=\"elementor-element elementor-element-fa828d1 elementor-drop-cap-yes elementor-drop-cap-view-default elementor-widget elementor-widget-text-editor\" data-id=\"fa828d1\" data-element_type=\"widget\" data-e-type=\"widget\" data-settings=\"{&quot;drop_cap&quot;:&quot;yes&quot;}\" data-widget_type=\"text-editor.default\">\n\t\t\t\t<div class=\"elementor-widget-container\">\n\t\t\t\t\t\t\t\t\t<p>Einen letzten Ku\u00df, bevor wir auseinander gehen &#8211; bittet er sie, seine Augen schon fast geschlossen, den Kopf leicht nach vorn gebeugt<\/p>\n<p>Graue, dicke Wolken, die fast zum greifen nah erscheinen, liegen \u00fcber ihnen, schwer wie eine dicke, triefnasse Wolldecke.<br>La\u00df uns heute Mittag nicht im Restaurant essen, ich habe dir etwas zu sagen und m\u00f6chte dabei niemanden, au\u00dfer uns beiden, in unserer N\u00e4he haben.<br>Sie gehen zum Wagen, er \u00f6ffnet die Beifahrert\u00fcr und bittet sie einzusteigen. Nachdem auch er eingestiegen ist, l\u00e4\u00dft er den Motor an und f\u00e4hrt, gedankenversunken, zielsicher zu einem kleinen Platz in einem Birkenw\u00e4ldchen.<br>Der Wagen h\u00e4lt, sie steigen aus und mit einem Knopfdruck an der Fahrert\u00fcr \u00f6ffnet er die Heckklappe des Kombi. La\u00df uns hinten im Kofferraum sitzen, hier ist Platz genug f\u00fcr uns beide und sollte es regnen, dann haben wir gleich ein Dach \u00fcber dem Kopf.<br>Sie l\u00e4chelt, geht um den Wagen herum und setzt sich, fast gleichzeitig mit ihm, auf den Rand des Kofferaumes.<br>Ich liebe dich und m\u00f6chte dich nicht verlieren, sagt er zu ihr. Ich wei\u00df, ich habe dich in letzter Zeit vernachl\u00e4ssigt,<br>ich h\u00e4tte viel mehr mit dir unternehmen m\u00fcssen, doch hat mir die Arbeit einfach keine andere Wahl gelassen.<br>Es geht so nicht weiter, sagte sie mit ruhiger Stimme zu ihm, ich werde mich von dir trennen, denn egal was auch immer ich mache, du wirst dich nicht f\u00fcr mich und die Kleine entscheiden. Ihre Stimme klingt angespannt und zittert leicht.<br>Seine Augen beginnen tr\u00fcbe zu werden, er senkt seinen Kopf und versucht ein letztes Mal sie auf seine Seite zu ziehen.<br>La\u00df uns zusammen an einem anderen Ort neu anfangen nur du, die Kleine und ich, la\u00df uns weit weg von hier von Neuem beginnen.<br>Gib mir noch ein halbes Jahr Zeit, meine Sachen zu ordnen, bis dahin werden wir allerdings mit unserem Kompromiss leben m\u00fcssen.<br>Du hier und ich so oft ich kann bei dir, bei euch.<br>Die Augen \u00fcbervoll mit dem salzigen Wasser der Trauer, laufen langsam kleine Rinnsale von Tr\u00e4nen an seinem Gesicht die Wangen herunter. Er kann seine Gef\u00fchle nicht mehr unterdr\u00fccken, allzu lang hat er versucht, diesen Anblick von ihr fern zu halten.<br>Er senkt seinen Kopf auf ihre Schulter, sie lehnt den ihren an den seinen.<br>Warum nur ist dies alles so kompliziert, warum kann es nicht eine einfache, f\u00fcr alle vern\u00fcnftige L\u00f6sung geben, warum habe ich dich nicht schon vor Jahren kennengelernt. Wo warst du, als ich einen Menschen wie dich gesucht habe. Mit gebrochener Stimme, ein St\u00fcck Zellstoff in der Hand, um dem Weg der Tr\u00e4nen Einhalt zu gebieten, umfa\u00dft sein linker Arm ihren Oberk\u00f6rper, w\u00e4hrend die Hand des rechten Arms versucht mit dem Taschentuch die Tr\u00e4nen aufzusaugen.<\/p><p>Er dr\u00fcckt sie an sich heran, wohl im Innern wissend, da\u00df dieses das letzte Mal sein wird . . .<\/p>\n<p><!-- \/wp:paragraph --><\/p>\t\t\t\t\t\t\t\t<\/div>\n\t\t\t\t<\/div>\n\t\t\t\t\t<\/div>\n\t\t<\/div>\n\t\t\t\t\t<\/div>\n\t\t<\/section>\n\t\t\t\t<\/div>\n\t\t","protected":false},"excerpt":{"rendered":"<p>Einen letzten Ku\u00df, bevor wir auseinander gehen &#8211; bittet er sie, seine Augen schon fast geschlossen, den Kopf leicht nach vorn gebeugt Graue, dicke Wolken, die fast zum greifen nah erscheinen, liegen \u00fcber ihnen, schwer wie eine dicke, triefnasse Wolldecke.La\u00df uns heute Mittag nicht im Restaurant essen, ich habe dir etwas zu sagen und m\u00f6chte [&hellip;]<\/p>\n","protected":false},"author":1,"featured_media":0,"parent":0,"menu_order":0,"comment_status":"closed","ping_status":"closed","template":"","meta":{"site-sidebar-layout":"default","site-content-layout":"","ast-site-content-layout":"default","site-content-style":"default","site-sidebar-style":"default","ast-global-header-display":"","ast-banner-title-visibility":"","ast-main-header-display":"","ast-hfb-above-header-display":"","ast-hfb-below-header-display":"","ast-hfb-mobile-header-display":"","site-post-title":"","ast-breadcrumbs-content":"","ast-featured-img":"","footer-sml-layout":"","ast-disable-related-posts":"","theme-transparent-header-meta":"","adv-header-id-meta":"","stick-header-meta":"","header-above-stick-meta":"","header-main-stick-meta":"","header-below-stick-meta":"","astra-migrate-meta-layouts":"default","ast-page-background-enabled":"default","ast-page-background-meta":{"desktop":{"background-color":"","background-image":"","background-repeat":"repeat","background-position":"center center","background-size":"auto","background-attachment":"scroll","background-type":"","background-media":"","overlay-type":"","overlay-color":"","overlay-opacity":"","overlay-gradient":""},"tablet":{"background-color":"","background-image":"","background-repeat":"repeat","background-position":"center center","background-size":"auto","background-attachment":"scroll","background-type":"","background-media":"","overlay-type":"","overlay-color":"","overlay-opacity":"","overlay-gradient":""},"mobile":{"background-color":"","background-image":"","background-repeat":"repeat","background-position":"center center","background-size":"auto","background-attachment":"scroll","background-type":"","background-media":"","overlay-type":"","overlay-color":"","overlay-opacity":"","overlay-gradient":""}},"ast-content-background-meta":{"desktop":{"background-color":"var(--ast-global-color-5)","background-image":"","background-repeat":"repeat","background-position":"center center","background-size":"auto","background-attachment":"scroll","background-type":"","background-media":"","overlay-type":"","overlay-color":"","overlay-opacity":"","overlay-gradient":""},"tablet":{"background-color":"var(--ast-global-color-5)","background-image":"","background-repeat":"repeat","background-position":"center center","background-size":"auto","background-attachment":"scroll","background-type":"","background-media":"","overlay-type":"","overlay-color":"","overlay-opacity":"","overlay-gradient":""},"mobile":{"background-color":"var(--ast-global-color-5)","background-image":"","background-repeat":"repeat","background-position":"center center","background-size":"auto","background-attachment":"scroll","background-type":"","background-media":"","overlay-type":"","overlay-color":"","overlay-opacity":"","overlay-gradient":""}},"footnotes":""},"class_list":["post-68","page","type-page","status-publish","hentry"],"_links":{"self":[{"href":"https:\/\/www.jamavia-blue.de\/index.php?rest_route=\/wp\/v2\/pages\/68","targetHints":{"allow":["GET"]}}],"collection":[{"href":"https:\/\/www.jamavia-blue.de\/index.php?rest_route=\/wp\/v2\/pages"}],"about":[{"href":"https:\/\/www.jamavia-blue.de\/index.php?rest_route=\/wp\/v2\/types\/page"}],"author":[{"embeddable":true,"href":"https:\/\/www.jamavia-blue.de\/index.php?rest_route=\/wp\/v2\/users\/1"}],"replies":[{"embeddable":true,"href":"https:\/\/www.jamavia-blue.de\/index.php?rest_route=%2Fwp%2Fv2%2Fcomments&post=68"}],"version-history":[{"count":11,"href":"https:\/\/www.jamavia-blue.de\/index.php?rest_route=\/wp\/v2\/pages\/68\/revisions"}],"predecessor-version":[{"id":597,"href":"https:\/\/www.jamavia-blue.de\/index.php?rest_route=\/wp\/v2\/pages\/68\/revisions\/597"}],"wp:attachment":[{"href":"https:\/\/www.jamavia-blue.de\/index.php?rest_route=%2Fwp%2Fv2%2Fmedia&parent=68"}],"curies":[{"name":"wp","href":"https:\/\/api.w.org\/{rel}","templated":true}]}}