{"id":74,"date":"2020-01-03T11:52:45","date_gmt":"2020-01-03T11:52:45","guid":{"rendered":"https:\/\/www.jamavia-blue.de\/?page_id=74"},"modified":"2024-03-30T08:42:49","modified_gmt":"2024-03-30T08:42:49","slug":"es-endet-jetzt","status":"publish","type":"page","link":"https:\/\/www.jamavia-blue.de\/?page_id=74","title":{"rendered":"es endet jetzt"},"content":{"rendered":"\t\t<div data-elementor-type=\"wp-page\" data-elementor-id=\"74\" class=\"elementor elementor-74\" data-elementor-post-type=\"page\">\n\t\t\t\t\t\t<section class=\"elementor-section elementor-top-section elementor-element elementor-element-29b6ab31 elementor-section-boxed elementor-section-height-default elementor-section-height-default\" data-id=\"29b6ab31\" data-element_type=\"section\" data-e-type=\"section\">\n\t\t\t\t\t\t<div class=\"elementor-container elementor-column-gap-default\">\n\t\t\t\t\t<div class=\"elementor-column elementor-col-100 elementor-top-column elementor-element elementor-element-692a1206\" data-id=\"692a1206\" data-element_type=\"column\" data-e-type=\"column\">\n\t\t\t<div class=\"elementor-widget-wrap elementor-element-populated\">\n\t\t\t\t\t\t<div class=\"elementor-element elementor-element-48ddc1b6 elementor-widget elementor-widget-text-editor\" data-id=\"48ddc1b6\" data-element_type=\"widget\" data-e-type=\"widget\" data-widget_type=\"text-editor.default\">\n\t\t\t\t<div class=\"elementor-widget-container\">\n\t\t\t\t\t\t\t\t\t<p><strong><em>die Nebel um mich werden st\u00e4rker, Ger\u00e4usche nehm\u00b4 ich nicht mehr war<\/em><\/strong><br><strong><em>die K\u00e4lte fri\u00dft den K\u00f6rper an, der schwarze Mann kommt mir ganz nah<\/em><\/strong><br><strong><em>er zeigt mit seinem Werkzeug zu mir hin, im Spiegel kann ich mich nicht sehen<\/em><\/strong><br><strong><em>es ist jetzt an der Zeit von dieser Welt zu gehen<\/em><\/strong><\/p>\n<p><strong><em>was bleibt, ist die Erinnerung, so sie mir folgen kann<\/em><\/strong><br><strong><em>wenn erst der letzte Tropfen roten Saftes von des schwarzen Mannes Sense flie\u00dft<\/em><\/strong><br><strong><em>dann ist der letzte Weg beendet, gibt es kein zur\u00fcck<\/em><\/strong><\/p>\n<p><strong><em>so komm\u00b4 du ungebet\u00b4ner Gast mach nun dem Ganzen hier ein Ende &#8211; genug gelitten<\/em><\/strong><br><strong><em>es fehlt mir die Kraft mich gegen dich zu stemmen &#8211; nun lebe wohl &#8211; du -, denn ich mu\u00df scheiden<\/em><\/strong><br><strong><em>den Zauber kannst du nicht besiegen zu stark die Wunde, die geschlagen<\/em><\/strong><br><strong><em>h\u00e4tt doch mein Fleh\u00b4n dich erh\u00f6rt vor all den vielen, langen Tagen<\/em><\/strong><\/p>\n<p><strong><em>so leb mit dem, was letztlich f\u00fcr dich bleibt<\/em><\/strong><br><strong><em>gedenke mein, wenn du dies wirklich willst<\/em><\/strong><br><strong><em>des schwarzen Mannes Werk du nicht mehr wendest<\/em><\/strong><\/p>\n<p><!-- \/wp:paragraph --><\/p>\t\t\t\t\t\t\t\t<\/div>\n\t\t\t\t<\/div>\n\t\t\t\t\t<\/div>\n\t\t<\/div>\n\t\t\t\t\t<\/div>\n\t\t<\/section>\n\t\t\t\t<\/div>\n\t\t","protected":false},"excerpt":{"rendered":"<p>die Nebel um mich werden st\u00e4rker, Ger\u00e4usche nehm\u00b4 ich nicht mehr wardie K\u00e4lte fri\u00dft den K\u00f6rper an, der schwarze Mann kommt mir ganz naher zeigt mit seinem Werkzeug zu mir hin, im Spiegel kann ich mich nicht sehenes ist jetzt an der Zeit von dieser Welt zu gehen was bleibt, ist die Erinnerung, so sie [&hellip;]<\/p>\n","protected":false},"author":1,"featured_media":0,"parent":0,"menu_order":0,"comment_status":"closed","ping_status":"closed","template":"","meta":{"site-sidebar-layout":"default","site-content-layout":"","ast-site-content-layout":"default","site-content-style":"default","site-sidebar-style":"default","ast-global-header-display":"","ast-banner-title-visibility":"","ast-main-header-display":"","ast-hfb-above-header-display":"","ast-hfb-below-header-display":"","ast-hfb-mobile-header-display":"","site-post-title":"","ast-breadcrumbs-content":"","ast-featured-img":"","footer-sml-layout":"","ast-disable-related-posts":"","theme-transparent-header-meta":"","adv-header-id-meta":"","stick-header-meta":"","header-above-stick-meta":"","header-main-stick-meta":"","header-below-stick-meta":"","astra-migrate-meta-layouts":"default","ast-page-background-enabled":"default","ast-page-background-meta":{"desktop":{"background-color":"","background-image":"","background-repeat":"repeat","background-position":"center center","background-size":"auto","background-attachment":"scroll","background-type":"","background-media":"","overlay-type":"","overlay-color":"","overlay-opacity":"","overlay-gradient":""},"tablet":{"background-color":"","background-image":"","background-repeat":"repeat","background-position":"center center","background-size":"auto","background-attachment":"scroll","background-type":"","background-media":"","overlay-type":"","overlay-color":"","overlay-opacity":"","overlay-gradient":""},"mobile":{"background-color":"","background-image":"","background-repeat":"repeat","background-position":"center center","background-size":"auto","background-attachment":"scroll","background-type":"","background-media":"","overlay-type":"","overlay-color":"","overlay-opacity":"","overlay-gradient":""}},"ast-content-background-meta":{"desktop":{"background-color":"var(--ast-global-color-5)","background-image":"","background-repeat":"repeat","background-position":"center center","background-size":"auto","background-attachment":"scroll","background-type":"","background-media":"","overlay-type":"","overlay-color":"","overlay-opacity":"","overlay-gradient":""},"tablet":{"background-color":"var(--ast-global-color-5)","background-image":"","background-repeat":"repeat","background-position":"center center","background-size":"auto","background-attachment":"scroll","background-type":"","background-media":"","overlay-type":"","overlay-color":"","overlay-opacity":"","overlay-gradient":""},"mobile":{"background-color":"var(--ast-global-color-5)","background-image":"","background-repeat":"repeat","background-position":"center center","background-size":"auto","background-attachment":"scroll","background-type":"","background-media":"","overlay-type":"","overlay-color":"","overlay-opacity":"","overlay-gradient":""}},"footnotes":""},"class_list":["post-74","page","type-page","status-publish","hentry"],"_links":{"self":[{"href":"https:\/\/www.jamavia-blue.de\/index.php?rest_route=\/wp\/v2\/pages\/74","targetHints":{"allow":["GET"]}}],"collection":[{"href":"https:\/\/www.jamavia-blue.de\/index.php?rest_route=\/wp\/v2\/pages"}],"about":[{"href":"https:\/\/www.jamavia-blue.de\/index.php?rest_route=\/wp\/v2\/types\/page"}],"author":[{"embeddable":true,"href":"https:\/\/www.jamavia-blue.de\/index.php?rest_route=\/wp\/v2\/users\/1"}],"replies":[{"embeddable":true,"href":"https:\/\/www.jamavia-blue.de\/index.php?rest_route=%2Fwp%2Fv2%2Fcomments&post=74"}],"version-history":[{"count":17,"href":"https:\/\/www.jamavia-blue.de\/index.php?rest_route=\/wp\/v2\/pages\/74\/revisions"}],"predecessor-version":[{"id":1063,"href":"https:\/\/www.jamavia-blue.de\/index.php?rest_route=\/wp\/v2\/pages\/74\/revisions\/1063"}],"wp:attachment":[{"href":"https:\/\/www.jamavia-blue.de\/index.php?rest_route=%2Fwp%2Fv2%2Fmedia&parent=74"}],"curies":[{"name":"wp","href":"https:\/\/api.w.org\/{rel}","templated":true}]}}