{"id":76,"date":"2020-01-03T11:53:01","date_gmt":"2020-01-03T11:53:01","guid":{"rendered":"https:\/\/www.jamavia-blue.de\/?page_id=76"},"modified":"2021-03-21T11:35:16","modified_gmt":"2021-03-21T11:35:16","slug":"frau-in-schwarz","status":"publish","type":"page","link":"https:\/\/www.jamavia-blue.de\/?page_id=76","title":{"rendered":"Frau in schwarz"},"content":{"rendered":"\t\t<div data-elementor-type=\"wp-page\" data-elementor-id=\"76\" class=\"elementor elementor-76\" data-elementor-post-type=\"page\">\n\t\t\t\t\t\t<section class=\"elementor-section elementor-top-section elementor-element elementor-element-75327f57 elementor-section-boxed elementor-section-height-default elementor-section-height-default\" data-id=\"75327f57\" data-element_type=\"section\" data-e-type=\"section\">\n\t\t\t\t\t\t<div class=\"elementor-container elementor-column-gap-default\">\n\t\t\t\t\t<div class=\"elementor-column elementor-col-100 elementor-top-column elementor-element elementor-element-252c56fb\" data-id=\"252c56fb\" data-element_type=\"column\" data-e-type=\"column\">\n\t\t\t<div class=\"elementor-widget-wrap elementor-element-populated\">\n\t\t\t\t\t\t<div class=\"elementor-element elementor-element-7f145df elementor-drop-cap-yes elementor-drop-cap-view-default elementor-widget elementor-widget-text-editor\" data-id=\"7f145df\" data-element_type=\"widget\" data-e-type=\"widget\" data-settings=\"{&quot;drop_cap&quot;:&quot;yes&quot;}\" data-widget_type=\"text-editor.default\">\n\t\t\t\t<div class=\"elementor-widget-container\">\n\t\t\t\t\t\t\t\t\t<p>Blumen, \u00fcberall ein Meer von Blumen, alle sind zu einem H\u00fcgel aufget\u00fcrmt. An einigen der Gebinde sind schwarze Spruchb\u00e4nder befestigt. Auf ihnen stehen mit goldener oder silberner Schrift pers\u00f6nliche Worte, nur f\u00fcr den einen Zweck, sie sollen die Trauer und Anteilnahme all jener Menschen zum Ausdruck bringen, die ihn gekannt haben. Ihn, den so viele glaubten zu kennen, von denen aber nur die Wenigsten wu\u00dften, wie er wirklich war, wie er lebte, was er f\u00fchlte. Fast unbemerkt von der ganzen Trauergemeinde steht abseits eine junge Frau. Sie ist vollkommen in Schwarz gekleidet, tr\u00e4gt einen schwarzen Schleier, hat darunter eine schwarze Sonnenbrille aufgesetzt, so da\u00df sie von niemandem erkannt werden kann. Die Tr\u00e4nen laufen \u00fcber ihr Gesicht, bilden schwarze R\u00e4nder von der Wimperntusche auf ihrer Haut. Sie trauert im Stillen f\u00fcr sich allein, leise, ohne einen Laut, ohne ein Klagen. K\u00f6nnte ihr Herz sprechen, es w\u00fcrde schreien, so laut schreien, da\u00df es \u00fcber den ganzen Friedhof zu h\u00f6ren w\u00e4re. Sie war die Einzige, die ihm in seinen letzten Tagen zur Seite stand. Sie sah all diese Heuchler, die sich hier versammelt hatten. All jene, die sich um ihn gescharrt hatten, als er noch gesund war, er sie alle aushalten konnte. Sie hatten ihn in seiner schweren Zeit allein gelassen. Unbemerkt von diesen Schmarotzern hatte sie ihm immer zur Seite gestanden. Er brauchte sie nicht anzurufen, um ihr zu sagen, wie es ihm gerade ging. Nein, sie rief ihn an und an seiner Stimme erkannte sie genau, wie es in ihm aussah. Sie war es, die in seinen Augen die wahren Gef\u00fchle erkannte, sie konnte darin lesen, wie in einem Buch.<br \/>Und heute, an seinem letzten Gang, auf seinem letzten irdischen Weg, da waren sie alle wiedergekommen. Wohl in der Hoffnung, von dem gro\u00dfen Kuchen noch ein St\u00fcck abzubekommen. Und da war ja auch noch die Presse, und die vielen Kameras, die diesen Akt der Trauer \u201elive\u201c \u00fcbertrugen. Man wird gesehen, ist in aller Munde, man geh\u00f6rt zum erlesenen Kreis derer, die ihn kannten. Welch ein Hohn f\u00fcr sie. Ein paar Wochen sp\u00e4ter. Die Blumen waren l\u00e4ngst verdorrt. Das Grab war mit kleinen Lebensbaumb\u00fcschen ums\u00e4umt. Jetzt erinnerte nur noch ein schlichter Stein an ihn. Auf diesem war zu lesen:<\/p>\n<p><em><strong>\u201eIhr, die ihr mich zu kenne glaubtet,<br \/>denkt an Euch selbst!<br \/>Du, die Du mich liebtest,<br \/>behalte mich in Deinem Herzen!&#8220;<\/strong><\/em><\/p>\n<p><!-- \/wp:paragraph --><\/p>\t\t\t\t\t\t\t\t<\/div>\n\t\t\t\t<\/div>\n\t\t\t\t\t<\/div>\n\t\t<\/div>\n\t\t\t\t\t<\/div>\n\t\t<\/section>\n\t\t\t\t<\/div>\n\t\t","protected":false},"excerpt":{"rendered":"<p>Blumen, \u00fcberall ein Meer von Blumen, alle sind zu einem H\u00fcgel aufget\u00fcrmt. An einigen der Gebinde sind schwarze Spruchb\u00e4nder befestigt. Auf ihnen stehen mit goldener oder silberner Schrift pers\u00f6nliche Worte, nur f\u00fcr den einen Zweck, sie sollen die Trauer und Anteilnahme all jener Menschen zum Ausdruck bringen, die ihn gekannt haben. Ihn, den so viele [&hellip;]<\/p>\n","protected":false},"author":1,"featured_media":0,"parent":0,"menu_order":0,"comment_status":"closed","ping_status":"closed","template":"","meta":{"site-sidebar-layout":"default","site-content-layout":"default","ast-site-content-layout":"default","site-content-style":"default","site-sidebar-style":"default","ast-global-header-display":"","ast-banner-title-visibility":"","ast-main-header-display":"","ast-hfb-above-header-display":"","ast-hfb-below-header-display":"","ast-hfb-mobile-header-display":"","site-post-title":"","ast-breadcrumbs-content":"","ast-featured-img":"","footer-sml-layout":"","ast-disable-related-posts":"","theme-transparent-header-meta":"default","adv-header-id-meta":"","stick-header-meta":"","header-above-stick-meta":"","header-main-stick-meta":"","header-below-stick-meta":"","astra-migrate-meta-layouts":"default","ast-page-background-enabled":"default","ast-page-background-meta":{"desktop":{"background-color":"","background-image":"","background-repeat":"repeat","background-position":"center center","background-size":"auto","background-attachment":"scroll","background-type":"","background-media":"","overlay-type":"","overlay-color":"","overlay-opacity":"","overlay-gradient":""},"tablet":{"background-color":"","background-image":"","background-repeat":"repeat","background-position":"center center","background-size":"auto","background-attachment":"scroll","background-type":"","background-media":"","overlay-type":"","overlay-color":"","overlay-opacity":"","overlay-gradient":""},"mobile":{"background-color":"","background-image":"","background-repeat":"repeat","background-position":"center center","background-size":"auto","background-attachment":"scroll","background-type":"","background-media":"","overlay-type":"","overlay-color":"","overlay-opacity":"","overlay-gradient":""}},"ast-content-background-meta":{"desktop":{"background-color":"var(--ast-global-color-5)","background-image":"","background-repeat":"repeat","background-position":"center center","background-size":"auto","background-attachment":"scroll","background-type":"","background-media":"","overlay-type":"","overlay-color":"","overlay-opacity":"","overlay-gradient":""},"tablet":{"background-color":"var(--ast-global-color-5)","background-image":"","background-repeat":"repeat","background-position":"center center","background-size":"auto","background-attachment":"scroll","background-type":"","background-media":"","overlay-type":"","overlay-color":"","overlay-opacity":"","overlay-gradient":""},"mobile":{"background-color":"var(--ast-global-color-5)","background-image":"","background-repeat":"repeat","background-position":"center center","background-size":"auto","background-attachment":"scroll","background-type":"","background-media":"","overlay-type":"","overlay-color":"","overlay-opacity":"","overlay-gradient":""}},"footnotes":""},"class_list":["post-76","page","type-page","status-publish","hentry"],"_links":{"self":[{"href":"https:\/\/www.jamavia-blue.de\/index.php?rest_route=\/wp\/v2\/pages\/76","targetHints":{"allow":["GET"]}}],"collection":[{"href":"https:\/\/www.jamavia-blue.de\/index.php?rest_route=\/wp\/v2\/pages"}],"about":[{"href":"https:\/\/www.jamavia-blue.de\/index.php?rest_route=\/wp\/v2\/types\/page"}],"author":[{"embeddable":true,"href":"https:\/\/www.jamavia-blue.de\/index.php?rest_route=\/wp\/v2\/users\/1"}],"replies":[{"embeddable":true,"href":"https:\/\/www.jamavia-blue.de\/index.php?rest_route=%2Fwp%2Fv2%2Fcomments&post=76"}],"version-history":[{"count":6,"href":"https:\/\/www.jamavia-blue.de\/index.php?rest_route=\/wp\/v2\/pages\/76\/revisions"}],"predecessor-version":[{"id":671,"href":"https:\/\/www.jamavia-blue.de\/index.php?rest_route=\/wp\/v2\/pages\/76\/revisions\/671"}],"wp:attachment":[{"href":"https:\/\/www.jamavia-blue.de\/index.php?rest_route=%2Fwp%2Fv2%2Fmedia&parent=76"}],"curies":[{"name":"wp","href":"https:\/\/api.w.org\/{rel}","templated":true}]}}