{"id":779,"date":"2021-03-27T15:51:23","date_gmt":"2021-03-27T15:51:23","guid":{"rendered":"https:\/\/www.jamavia-blue.de\/?page_id=779"},"modified":"2021-03-27T15:52:26","modified_gmt":"2021-03-27T15:52:26","slug":"traenen","status":"publish","type":"page","link":"https:\/\/www.jamavia-blue.de\/?page_id=779","title":{"rendered":"Tr\u00e4nen"},"content":{"rendered":"\t\t<div data-elementor-type=\"wp-page\" data-elementor-id=\"779\" class=\"elementor elementor-779\" data-elementor-post-type=\"page\">\n\t\t\t\t\t\t<section class=\"elementor-section elementor-top-section elementor-element elementor-element-4e8d5a99 elementor-section-boxed elementor-section-height-default elementor-section-height-default\" data-id=\"4e8d5a99\" data-element_type=\"section\" data-e-type=\"section\">\n\t\t\t\t\t\t<div class=\"elementor-container elementor-column-gap-default\">\n\t\t\t\t\t<div class=\"elementor-column elementor-col-100 elementor-top-column elementor-element elementor-element-7eac301a\" data-id=\"7eac301a\" data-element_type=\"column\" data-e-type=\"column\">\n\t\t\t<div class=\"elementor-widget-wrap elementor-element-populated\">\n\t\t\t\t\t\t<div class=\"elementor-element elementor-element-405eed12 elementor-drop-cap-yes elementor-drop-cap-view-default elementor-widget elementor-widget-text-editor\" data-id=\"405eed12\" data-element_type=\"widget\" data-e-type=\"widget\" data-settings=\"{&quot;drop_cap&quot;:&quot;yes&quot;}\" data-widget_type=\"text-editor.default\">\n\t\t\t\t<div class=\"elementor-widget-container\">\n\t\t\t\t\t\t\t\t\t<p>Regentropfen prasseln gegen die Scheiben des Autos, die Nacht ist stockfinster. Der Scheibenwischer hat M\u00fche seine Arbeit zu tun. Grelle Lichter vom Gegenverkehr blenden ihre Augen. Nur mit M\u00fche schafft sie es, den Wagen auf der Stra\u00dfe zu halten, dennoch verringert sie ihre Geschwindigkeit nicht. Ihre Gedanken sind bei ihm. Seine letzten Worte am Telefon waren, \u201eDu kommst zu sp\u00e4t\u201c. Was wollte er ihr sagen, was sollte dieser Satz bedeuten? Hatte sie eine Verabredung vergessen oder wollte er ihr zu verstehen geben, dass ihre Beziehung zu Ende ist? Sie wollte Klarheit. Der Schl\u00fcssel des Wagens lag noch auf dem K\u00fcchentisch, dort, wo sie ihn nach dem gestrigen Abend liegen gelassen hatte. Er war die ganze Zeit schon so anders in seinen Worten, so vorsichtig, fast zur\u00fcckhaltend. Bei jedem Satz schien er zu \u00fcberlegen, wollte ihr wohl etwas mitteilen und tat es dann doch nicht, aus Angst, sie w\u00fcrde ihm eine Szene machen. Dabei hatte sie es schon lange gesp\u00fcrt, etwas ging in ihm vor. Ihr sch\u00f6nes Kartenhaus, das sie sich m\u00fchsam aufgebaut hatte, begann zusammenzubrechen. Er hatte die wichtigste Karte herausgerissen. Selbst Schuld, dachte sie so bei sich, warum musste sie sich auch ausgerechnet in diesen Mann verlieben, wo sie doch von Anfang an wusste, dass er ihr das Herz bricht, dass ihre Liebe nur einseitig sein w\u00fcrde, ihre Ansichten zu verschieden, seine Vernunft zu gro\u00df. Jeder hatte so seine Probleme im eigenen Umfeld zu bew\u00e4ltigen, doch nur sie fand die Zeit, aus dem allt\u00e4glichen Trott auszubrechen. In der Ferne waren Lichter zu erkennen. Wie ein Schleier lag die Reflexion der tausenden Laternen der Stra\u00dfen \u00fcber der Stadt. Nur noch wenige Minuten und sie w\u00fcrde wissen, was er mit seinen Worten ihr hatte sagen wollte. Vor seinem Haus war schon von Weitem das Blaulicht eines Krankenwagen zu erkennen. Sie dachte sich nichts bei diesem Anblick, denn erst in der letzten Woche wurde die \u00e4ltere Dame, die \u00fcber ihm wohnt, wegen eines Herzanfalls abgeholt. Mit ihrem Schl\u00fcsselbund, das sie von ihm bekommen hatte, \u00f6ffnete sie die Haust\u00fcr. Auf der Treppe kamen ihr zwei Sanit\u00e4ter mit einer Trage entgegen. Sie ging zur Haust\u00fcr zur\u00fcck, um sie ihnen aufzuhalten. Als die Trage ganz dicht an ihr vorbei getragen wurde, erkannte sie darauf ihren Freund und pl\u00f6tzlich schossen ihr seine Worte durch den Kopf. \u201eDu kommst zu sp\u00e4t\u201c, hatte er gesagt, jetzt erst glaubte sie zu wissen, was er meinte. Nun erkannte sie den Grund, weshalb er seine Worte so au\u00dfergew\u00f6hnlich langsam gesprochen hatte. Er wollte ihr damit nicht sagen, dass ihre Beziehung zu Ende war, nein, es war ein letzter Hilferuf. Warum war sie nicht gleich nach seinem Anruf losgefahren, hatte statt dessen noch in aller Ruhe ihren Kaffee ausgetrunken und eine Zigarette geraucht? Sie machte sich schwere Vorw\u00fcrfe.<\/p><p>H\u00e4tte sie vielleicht mit dieser verstrichenen Zeit das Ungl\u00fcck verhindern k\u00f6nnen? Sie ging der Trage bis zum Krankenwagen nach. Bevor die T\u00fcren geschlossen wurden, konnte sie noch die Worte des Notarztes h\u00f6ren, \u201e&#8230; da sind wir wohl noch rechtzeitig gekommen &#8230;\u201c, dann fuhr der Wagen los. Sie rannte zu ihrem Auto, um ihm hinterher zu fahren. Am Krankenhaus angekommen schnappte sie wieder nur Bruchst\u00fccke dessen auf, was der Arzt sagte. \u201e&#8230; ein Mann der Tabletten nimmt &#8230;\u201c, warum nur, warum hatte er das getan? Sie waren doch gestern Abend noch so lustig gewesen. Er hatte sich mit einem langen Kuss von ihr verabschiedet. Was hatte ihn dazu gebracht, sich das Leben nehmen zu wollen? Schwer waren ihre Schritte zur\u00fcck zum Auto, sie fuhr durch die Nacht, jetzt konnte sie nicht in die Wohnung fahren, solange sie keine Gewissheit hatte und auf dem Flur des Krankenhauses zu warten, unter all den anonymen Menschen wollte sie auch nicht. An diesem Abend begann es stark zu regnen. Die Fahrbahn war kaum zu erkennen, die Scheibenwischer hatten M\u00fche mit den Wassermassen fertig zu werden. Unterwegs brach sie in Tr\u00e4nen aus, ihr Gesicht war schon vollkommen nass, ihre Augen verschleiert. So kam es, dass sie die Stra\u00dfe nicht mehr erkannte und in den Graben fuhr. Der Wagen rollte einen kleinen Hang hinauf, kippte um und landete auf dem Dach. Das Letzte, was sie noch h\u00f6rte, waren die Worte des Notarztes, \u201eist das nicht die Frau von dem Selbstmordversuch heute Abend\u201c, dann verlor sie das Bewusstsein. Als sie wieder zu sich kam, lag sie in einem wei\u00dfen Raum. Von der Decke blendete sie das grelle Licht der Neonr\u00f6hren. Es roch wie in einer Apotheke. \u00dcber dem Fu\u00dfende war ein Gestell aufgebaut, an dem Seile hingen, die eine Art Trage hielten. Darin lag ihr linkes Bein. Ihr rechter Arm war v\u00f6llig in Gips eingepackt. Da habe ich wohl noch einmal Gl\u00fcck gehabt, denkt sie so bei sich, aber warum bin ich den eigentlich hier? Dies ist doch ein Krankenhaus, wie komme ich hier her? Die T\u00fcr geht auf und der Chefarzt kommt mit seinem Gefolge zur Visite. \u201eHier haben wir den Verkehrsunfall von gestern Abend, sagt einer der Herren in wei\u00df.\u201c \u201eNa junge Frau, wie f\u00fchlen wir uns denn heute, wir haben zwei Stunden gebraucht, um sie wieder zusammen zu flicken. Aber ihre Br\u00fcche werden gut verheilen, wenn keine Komplikationen auftreten.\u201c In ihrem Kopf dreht sich alles, warum Verkehrsunfall? Langsam setzen sich die Bruchst\u00fccke wieder wie Puzzleteile zu einem Bild zusammen. \u201eMein Freund, Herr Doktor, was ist mit meinem Freund. Er wurde gestern Abend mit einer Tablettenvergiftung eingeliefert?\u201c \u201eWir hatten gestern eigentlich au\u00dfer ihnen nur noch eine Einlieferung, das war der Suizidversuch\u201c, sagte der Arzt. \u201eIch kann ihnen leider noch nichts Genaues dazu sagen, nur soviel, wenn er die heutige Nacht \u00fcbersteht, dann hat er gute Chancen durchzukommen, aber bis jetzt sieht es nicht gut aus. Die Dosis der Tabletten war einfach zu gro\u00df. Es tut mir leid, ich h\u00e4tte ihnen lieber eine positive Nachricht gegeben.\u201c Sollte es das Ende ihrer Beziehung sein. Da lagen sie so dicht in einem Haus zusammen und waren doch Welten voneinander entfernt. Sie begann das erste Mal in ihrem Leben zu beten.<\/p><p><strong>Lieber Gott, wenn es dich wirklich gibt,<\/strong> <strong>dann lasse nicht zu, da\u00df er stirbt.<\/strong><\/p><p><strong>Gib ihm die Kraft zu leben, auch wenn ich ihn nicht wiedersehen sollte,<\/strong><\/p><p><strong>dies darf noch nicht das Ende sein!\u201c<\/strong><\/p>\n<p><!-- \/wp:paragraph --><\/p>\t\t\t\t\t\t\t\t<\/div>\n\t\t\t\t<\/div>\n\t\t\t\t\t<\/div>\n\t\t<\/div>\n\t\t\t\t\t<\/div>\n\t\t<\/section>\n\t\t\t\t<\/div>\n\t\t","protected":false},"excerpt":{"rendered":"<p>Regentropfen prasseln gegen die Scheiben des Autos, die Nacht ist stockfinster. Der Scheibenwischer hat M\u00fche seine Arbeit zu tun. Grelle Lichter vom Gegenverkehr blenden ihre Augen. Nur mit M\u00fche schafft sie es, den Wagen auf der Stra\u00dfe zu halten, dennoch verringert sie ihre Geschwindigkeit nicht. Ihre Gedanken sind bei ihm. Seine letzten Worte am Telefon [&hellip;]<\/p>\n","protected":false},"author":1,"featured_media":0,"parent":0,"menu_order":0,"comment_status":"closed","ping_status":"closed","template":"","meta":{"site-sidebar-layout":"default","site-content-layout":"default","ast-site-content-layout":"default","site-content-style":"default","site-sidebar-style":"default","ast-global-header-display":"","ast-banner-title-visibility":"","ast-main-header-display":"","ast-hfb-above-header-display":"","ast-hfb-below-header-display":"","ast-hfb-mobile-header-display":"","site-post-title":"","ast-breadcrumbs-content":"","ast-featured-img":"","footer-sml-layout":"","ast-disable-related-posts":"","theme-transparent-header-meta":"default","adv-header-id-meta":"","stick-header-meta":"","header-above-stick-meta":"","header-main-stick-meta":"","header-below-stick-meta":"","astra-migrate-meta-layouts":"default","ast-page-background-enabled":"default","ast-page-background-meta":{"desktop":{"background-color":"","background-image":"","background-repeat":"repeat","background-position":"center center","background-size":"auto","background-attachment":"scroll","background-type":"","background-media":"","overlay-type":"","overlay-color":"","overlay-opacity":"","overlay-gradient":""},"tablet":{"background-color":"","background-image":"","background-repeat":"repeat","background-position":"center center","background-size":"auto","background-attachment":"scroll","background-type":"","background-media":"","overlay-type":"","overlay-color":"","overlay-opacity":"","overlay-gradient":""},"mobile":{"background-color":"","background-image":"","background-repeat":"repeat","background-position":"center center","background-size":"auto","background-attachment":"scroll","background-type":"","background-media":"","overlay-type":"","overlay-color":"","overlay-opacity":"","overlay-gradient":""}},"ast-content-background-meta":{"desktop":{"background-color":"var(--ast-global-color-5)","background-image":"","background-repeat":"repeat","background-position":"center center","background-size":"auto","background-attachment":"scroll","background-type":"","background-media":"","overlay-type":"","overlay-color":"","overlay-opacity":"","overlay-gradient":""},"tablet":{"background-color":"var(--ast-global-color-5)","background-image":"","background-repeat":"repeat","background-position":"center center","background-size":"auto","background-attachment":"scroll","background-type":"","background-media":"","overlay-type":"","overlay-color":"","overlay-opacity":"","overlay-gradient":""},"mobile":{"background-color":"var(--ast-global-color-5)","background-image":"","background-repeat":"repeat","background-position":"center center","background-size":"auto","background-attachment":"scroll","background-type":"","background-media":"","overlay-type":"","overlay-color":"","overlay-opacity":"","overlay-gradient":""}},"footnotes":""},"class_list":["post-779","page","type-page","status-publish","hentry"],"_links":{"self":[{"href":"https:\/\/www.jamavia-blue.de\/index.php?rest_route=\/wp\/v2\/pages\/779","targetHints":{"allow":["GET"]}}],"collection":[{"href":"https:\/\/www.jamavia-blue.de\/index.php?rest_route=\/wp\/v2\/pages"}],"about":[{"href":"https:\/\/www.jamavia-blue.de\/index.php?rest_route=\/wp\/v2\/types\/page"}],"author":[{"embeddable":true,"href":"https:\/\/www.jamavia-blue.de\/index.php?rest_route=\/wp\/v2\/users\/1"}],"replies":[{"embeddable":true,"href":"https:\/\/www.jamavia-blue.de\/index.php?rest_route=%2Fwp%2Fv2%2Fcomments&post=779"}],"version-history":[{"count":8,"href":"https:\/\/www.jamavia-blue.de\/index.php?rest_route=\/wp\/v2\/pages\/779\/revisions"}],"predecessor-version":[{"id":787,"href":"https:\/\/www.jamavia-blue.de\/index.php?rest_route=\/wp\/v2\/pages\/779\/revisions\/787"}],"wp:attachment":[{"href":"https:\/\/www.jamavia-blue.de\/index.php?rest_route=%2Fwp%2Fv2%2Fmedia&parent=779"}],"curies":[{"name":"wp","href":"https:\/\/api.w.org\/{rel}","templated":true}]}}