{"id":86,"date":"2020-01-03T11:54:43","date_gmt":"2020-01-03T11:54:43","guid":{"rendered":"https:\/\/www.jamavia-blue.de\/?page_id=86"},"modified":"2021-03-21T10:33:05","modified_gmt":"2021-03-21T10:33:05","slug":"der-herbst","status":"publish","type":"page","link":"https:\/\/www.jamavia-blue.de\/?page_id=86","title":{"rendered":"Herbst"},"content":{"rendered":"\t\t<div data-elementor-type=\"wp-page\" data-elementor-id=\"86\" class=\"elementor elementor-86\" data-elementor-post-type=\"page\">\n\t\t\t\t\t\t<section class=\"elementor-section elementor-top-section elementor-element elementor-element-5dec3c57 elementor-section-boxed elementor-section-height-default elementor-section-height-default\" data-id=\"5dec3c57\" data-element_type=\"section\" data-e-type=\"section\">\n\t\t\t\t\t\t<div class=\"elementor-container elementor-column-gap-default\">\n\t\t\t\t\t<div class=\"elementor-column elementor-col-100 elementor-top-column elementor-element elementor-element-28004250\" data-id=\"28004250\" data-element_type=\"column\" data-e-type=\"column\">\n\t\t\t<div class=\"elementor-widget-wrap elementor-element-populated\">\n\t\t\t\t\t\t<div class=\"elementor-element elementor-element-3722f80 elementor-widget elementor-widget-image\" data-id=\"3722f80\" data-element_type=\"widget\" data-e-type=\"widget\" data-widget_type=\"image.default\">\n\t\t\t\t<div class=\"elementor-widget-container\">\n\t\t\t\t\t\t\t\t\t\t\t\t\t\t\t<img fetchpriority=\"high\" decoding=\"async\" width=\"768\" height=\"460\" src=\"https:\/\/www.jamavia-blue.de\/wp-content\/uploads\/2020\/01\/cropped-DSC_0003-1-768x460.jpg\" class=\"attachment-medium_large size-medium_large wp-image-282\" alt=\"\" srcset=\"https:\/\/www.jamavia-blue.de\/wp-content\/uploads\/2020\/01\/cropped-DSC_0003-1-768x460.jpg 768w, https:\/\/www.jamavia-blue.de\/wp-content\/uploads\/2020\/01\/cropped-DSC_0003-1-300x180.jpg 300w, https:\/\/www.jamavia-blue.de\/wp-content\/uploads\/2020\/01\/cropped-DSC_0003-1-1024x614.jpg 1024w, https:\/\/www.jamavia-blue.de\/wp-content\/uploads\/2020\/01\/cropped-DSC_0003-1-1536x921.jpg 1536w, https:\/\/www.jamavia-blue.de\/wp-content\/uploads\/2020\/01\/cropped-DSC_0003-1.jpg 2000w\" sizes=\"(max-width: 768px) 100vw, 768px\" \/>\t\t\t\t\t\t\t\t\t\t\t\t\t\t\t<\/div>\n\t\t\t\t<\/div>\n\t\t\t\t<div class=\"elementor-element elementor-element-39605e67 elementor-drop-cap-yes elementor-drop-cap-view-default elementor-widget elementor-widget-text-editor\" data-id=\"39605e67\" data-element_type=\"widget\" data-e-type=\"widget\" data-settings=\"{&quot;drop_cap&quot;:&quot;yes&quot;}\" data-widget_type=\"text-editor.default\">\n\t\t\t\t<div class=\"elementor-widget-container\">\n\t\t\t\t\t\t\t\t\t<p>Leise, nur mit dem Hauch einer Bewegung geht der Wind durch die \u00c4ste der alten Eichen. Er spielt mit jedem einzelnen Blatt, bewegt es hin und her, l\u00e4\u00dft es sich auf und ab springen. <br \/>Die Bl\u00e4tter, die herunterfallen scheinen seine besonderen Lieblinge zu sein. <br \/>Mit ihnen vollf\u00fchrt er wahre T\u00e4nze. Wie nach einer eigens f\u00fcr ihn <br \/>geschriebenen Musik drehen sie sich mal im Kreis, mal schaukeln sie, wie von unsichtbarer Hand angesto\u00dfen, dann wieder scheinen sie wie von einem Magneten angezogen fast steil in die Tiefe st\u00fcrzen zu wollen, um kurz darauf wieder sanft zu schweben.<br \/>Der Herbst h\u00e4lt Einzug in unser Land.<br \/>Mit seiner ihm typischen Farbenpracht malt er die Welt vollkommen anders an, als es eben noch der Sommer getan hat. Die Erde scheint ihm dabei geholfen zu haben. All ihre Farben, die sie zur Verf\u00fcgung hat, sind in seiner Welt zu finden. Hier zarte Braunt\u00f6ne, dort Gelb, Rot, manchmal auch ein kr\u00e4ftiges Gold und , als ob der Sommer doch noch nicht ganz weichen will, an einigen Stellen noch ein weiches Gr\u00fcn. Auch die Tiere haben sich auf die andere Jahreszeit umgestellt. Ihr Fell wird wieder dichter, erh\u00e4lt eine andere Farbe. Es ist nun nicht mehr lange und sie werden sich nach den w\u00e4rmenden Strahlen der Sonne sehnen, Schutz suchen in den dichten Tannen, unter den Laubbergen, die der Herbstwind zusammentragen wird. Einige von ihnen beginnen jetzt langsam sich einen Vorrat f\u00fcr den Winter anzulegen. Von dem werden sie dann in der kalten Jahreszeit zehren k\u00f6nnen. So mancher fri\u00dft sich ganz einfach einen Bauch an und h\u00e4lt so mit dem Fettvorrat durch.<\/p>\n<p>Der Herbst, eine f\u00fcr manche sch\u00f6ne, wenn nicht die sch\u00f6nste Jahreszeit. F\u00fcr manch Anderen beginnt aber wieder die Trauer, die Zeit der Sentimentalit\u00e4t, der Nachdenklichkeit \u00fcber das Vergangene. Die W\u00e4rme ist gegangen, die K\u00e4lte wird kommen. Da ist der froh, der eine w\u00e4rmende Hand hat, Mitmenschen, die ihm das Gef\u00fchl der W\u00e4rme vermitteln und ihn so \u00fcber diese Zeit hinweghelfen.<\/p>\n<p><!-- \/wp:paragraph --><\/p>\n<p><!-- wp:paragraph --><\/p>\n<p><!-- \/wp:paragraph --><\/p>\n<p><!-- wp:paragraph --><\/p>\n<p><!-- \/wp:paragraph --><\/p>\t\t\t\t\t\t\t\t<\/div>\n\t\t\t\t<\/div>\n\t\t\t\t\t<\/div>\n\t\t<\/div>\n\t\t\t\t\t<\/div>\n\t\t<\/section>\n\t\t\t\t<section class=\"elementor-section elementor-top-section elementor-element elementor-element-3b1bf67 elementor-section-boxed elementor-section-height-default elementor-section-height-default\" data-id=\"3b1bf67\" data-element_type=\"section\" data-e-type=\"section\">\n\t\t\t\t\t\t<div class=\"elementor-container elementor-column-gap-default\">\n\t\t\t\t\t<div class=\"elementor-column elementor-col-100 elementor-top-column elementor-element elementor-element-2e63b74\" data-id=\"2e63b74\" data-element_type=\"column\" data-e-type=\"column\">\n\t\t\t<div class=\"elementor-widget-wrap\">\n\t\t\t\t\t\t\t<\/div>\n\t\t<\/div>\n\t\t\t\t\t<\/div>\n\t\t<\/section>\n\t\t\t\t<\/div>\n\t\t","protected":false},"excerpt":{"rendered":"<p>Leise, nur mit dem Hauch einer Bewegung geht der Wind durch die \u00c4ste der alten Eichen. Er spielt mit jedem einzelnen Blatt, bewegt es hin und her, l\u00e4\u00dft es sich auf und ab springen. Die Bl\u00e4tter, die herunterfallen scheinen seine besonderen Lieblinge zu sein. Mit ihnen vollf\u00fchrt er wahre T\u00e4nze. Wie nach einer eigens f\u00fcr [&hellip;]<\/p>\n","protected":false},"author":1,"featured_media":0,"parent":0,"menu_order":0,"comment_status":"closed","ping_status":"closed","template":"","meta":{"site-sidebar-layout":"default","site-content-layout":"default","ast-site-content-layout":"default","site-content-style":"default","site-sidebar-style":"default","ast-global-header-display":"","ast-banner-title-visibility":"","ast-main-header-display":"","ast-hfb-above-header-display":"","ast-hfb-below-header-display":"","ast-hfb-mobile-header-display":"","site-post-title":"","ast-breadcrumbs-content":"","ast-featured-img":"","footer-sml-layout":"","ast-disable-related-posts":"","theme-transparent-header-meta":"default","adv-header-id-meta":"","stick-header-meta":"","header-above-stick-meta":"","header-main-stick-meta":"","header-below-stick-meta":"","astra-migrate-meta-layouts":"default","ast-page-background-enabled":"default","ast-page-background-meta":{"desktop":{"background-color":"","background-image":"","background-repeat":"repeat","background-position":"center center","background-size":"auto","background-attachment":"scroll","background-type":"","background-media":"","overlay-type":"","overlay-color":"","overlay-opacity":"","overlay-gradient":""},"tablet":{"background-color":"","background-image":"","background-repeat":"repeat","background-position":"center center","background-size":"auto","background-attachment":"scroll","background-type":"","background-media":"","overlay-type":"","overlay-color":"","overlay-opacity":"","overlay-gradient":""},"mobile":{"background-color":"","background-image":"","background-repeat":"repeat","background-position":"center center","background-size":"auto","background-attachment":"scroll","background-type":"","background-media":"","overlay-type":"","overlay-color":"","overlay-opacity":"","overlay-gradient":""}},"ast-content-background-meta":{"desktop":{"background-color":"var(--ast-global-color-5)","background-image":"","background-repeat":"repeat","background-position":"center center","background-size":"auto","background-attachment":"scroll","background-type":"","background-media":"","overlay-type":"","overlay-color":"","overlay-opacity":"","overlay-gradient":""},"tablet":{"background-color":"var(--ast-global-color-5)","background-image":"","background-repeat":"repeat","background-position":"center center","background-size":"auto","background-attachment":"scroll","background-type":"","background-media":"","overlay-type":"","overlay-color":"","overlay-opacity":"","overlay-gradient":""},"mobile":{"background-color":"var(--ast-global-color-5)","background-image":"","background-repeat":"repeat","background-position":"center center","background-size":"auto","background-attachment":"scroll","background-type":"","background-media":"","overlay-type":"","overlay-color":"","overlay-opacity":"","overlay-gradient":""}},"footnotes":""},"class_list":["post-86","page","type-page","status-publish","hentry"],"_links":{"self":[{"href":"https:\/\/www.jamavia-blue.de\/index.php?rest_route=\/wp\/v2\/pages\/86","targetHints":{"allow":["GET"]}}],"collection":[{"href":"https:\/\/www.jamavia-blue.de\/index.php?rest_route=\/wp\/v2\/pages"}],"about":[{"href":"https:\/\/www.jamavia-blue.de\/index.php?rest_route=\/wp\/v2\/types\/page"}],"author":[{"embeddable":true,"href":"https:\/\/www.jamavia-blue.de\/index.php?rest_route=\/wp\/v2\/users\/1"}],"replies":[{"embeddable":true,"href":"https:\/\/www.jamavia-blue.de\/index.php?rest_route=%2Fwp%2Fv2%2Fcomments&post=86"}],"version-history":[{"count":9,"href":"https:\/\/www.jamavia-blue.de\/index.php?rest_route=\/wp\/v2\/pages\/86\/revisions"}],"predecessor-version":[{"id":653,"href":"https:\/\/www.jamavia-blue.de\/index.php?rest_route=\/wp\/v2\/pages\/86\/revisions\/653"}],"wp:attachment":[{"href":"https:\/\/www.jamavia-blue.de\/index.php?rest_route=%2Fwp%2Fv2%2Fmedia&parent=86"}],"curies":[{"name":"wp","href":"https:\/\/api.w.org\/{rel}","templated":true}]}}