{"id":90,"date":"2020-01-03T11:55:14","date_gmt":"2020-01-03T11:55:14","guid":{"rendered":"https:\/\/www.jamavia-blue.de\/?page_id=90"},"modified":"2021-03-27T14:00:10","modified_gmt":"2021-03-27T14:00:10","slug":"das-mondlicht","status":"publish","type":"page","link":"https:\/\/www.jamavia-blue.de\/?page_id=90","title":{"rendered":"Mondlicht"},"content":{"rendered":"\t\t<div data-elementor-type=\"wp-page\" data-elementor-id=\"90\" class=\"elementor elementor-90\" data-elementor-post-type=\"page\">\n\t\t\t\t\t\t<section class=\"elementor-section elementor-top-section elementor-element elementor-element-582357e4 elementor-section-boxed elementor-section-height-default elementor-section-height-default\" data-id=\"582357e4\" data-element_type=\"section\" data-e-type=\"section\">\n\t\t\t\t\t\t<div class=\"elementor-container elementor-column-gap-default\">\n\t\t\t\t\t<div class=\"elementor-column elementor-col-100 elementor-top-column elementor-element elementor-element-1835c528\" data-id=\"1835c528\" data-element_type=\"column\" data-e-type=\"column\">\n\t\t\t<div class=\"elementor-widget-wrap elementor-element-populated\">\n\t\t\t\t\t\t<div class=\"elementor-element elementor-element-ce401e3 elementor-widget elementor-widget-image\" data-id=\"ce401e3\" data-element_type=\"widget\" data-e-type=\"widget\" data-widget_type=\"image.default\">\n\t\t\t\t<div class=\"elementor-widget-container\">\n\t\t\t\t\t\t\t\t\t\t\t\t\t\t\t<img fetchpriority=\"high\" decoding=\"async\" width=\"768\" height=\"509\" src=\"https:\/\/www.jamavia-blue.de\/wp-content\/uploads\/2021\/03\/DSC_0108-768x509.jpg\" class=\"attachment-medium_large size-medium_large wp-image-585\" alt=\"\" srcset=\"https:\/\/www.jamavia-blue.de\/wp-content\/uploads\/2021\/03\/DSC_0108-768x509.jpg 768w, https:\/\/www.jamavia-blue.de\/wp-content\/uploads\/2021\/03\/DSC_0108-300x199.jpg 300w, https:\/\/www.jamavia-blue.de\/wp-content\/uploads\/2021\/03\/DSC_0108-1024x678.jpg 1024w, https:\/\/www.jamavia-blue.de\/wp-content\/uploads\/2021\/03\/DSC_0108-1536x1017.jpg 1536w, https:\/\/www.jamavia-blue.de\/wp-content\/uploads\/2021\/03\/DSC_0108-2048x1356.jpg 2048w\" sizes=\"(max-width: 768px) 100vw, 768px\" \/>\t\t\t\t\t\t\t\t\t\t\t\t\t\t\t<\/div>\n\t\t\t\t<\/div>\n\t\t\t\t<div class=\"elementor-element elementor-element-4090ccdd elementor-drop-cap-yes elementor-drop-cap-view-default elementor-widget elementor-widget-text-editor\" data-id=\"4090ccdd\" data-element_type=\"widget\" data-e-type=\"widget\" data-settings=\"{&quot;drop_cap&quot;:&quot;yes&quot;}\" data-widget_type=\"text-editor.default\">\n\t\t\t\t<div class=\"elementor-widget-container\">\n\t\t\t\t\t\t\t\t\t<p>Es ist ein lauer Sommerabend. Die Sonne ist gerade untergegangen und hat am Horizont ein flammendes Meer in roten Farben hinterlassen. <br \/>Langsam wird es dunkel, nur der Mond erhellt noch die Nacht. Er zieht einen Silberstreifen \u00fcber den See. Die Bl\u00e4tter in den B\u00e4umen sehen aus wie kleine Silbertaler. <br \/>Am Ufer des Sees sind lange Schatten zu erkennen, mal sind es zwei, dann scheint es nur ein einzelner zu sein. Die Schatten spielen miteinander. <br \/>Der Mond zieht seine Bahn am Himmel und trifft auf diese Schatten. Man kann jetzt ganz deutlich zwei Gesichter von einem Jungen und einem M\u00e4dchen erkennen.<br \/>Der Junge macht gro\u00dfe Augen, die im Mondlicht wie zwei Sterne funkeln.<br \/>Er hat langes, welliges Haar, das sich im Abendwind wiegt. Das M\u00e4dchen ist etwas kleiner, hat ein verschmitztes L\u00e4cheln im Gesicht, ihre Augen sind st\u00e4ndig in Bewegung. Mit ihrem \u201eBubikopf\u201c sieht sie richtig niedlich aus. <br \/>Immer wieder spielen ihre Lippen miteinander und leises Gel\u00e4chter dringt an mein Ohr, so, als wollten sie niemanden st\u00f6ren und auch nicht entdeckt werden. Sie beginnen sich langsam auszuziehen, offensichtlich wollen sie im Schutz der Dunkelheit baden gehen. Und schon gehen sie auch Hand in Hand ins Wasser. Ihre Bewegungen zerrei\u00dfen den Streifen auf dem Wasser und zeichnen bizarre Gebilde auf seine Oberfl\u00e4che. <br \/>Irgendwo aus dem Dunklen h\u00f6rt man ein K\u00e4uzchen schreien. Ein Schwan zieht einsam und majest\u00e4tisch seine Bahn. Der Ruf des K\u00e4uzchens scheint ihn gar nicht zu beeindrucken.<br \/>Pl\u00f6tzlich kommt Wind auf.<br \/>Die See wird unruhig. Das Silberband auf ihm ist zerrissen. Wie ein zerbrochener Spiegel sieht die Oberfl\u00e4che jetzt aus. Unser P\u00e4rchen hat schon lange das Wasser verlassen und ist wohl nach Hause gegangen. Auch der Schwan hat im Schilfg\u00fcrtel am Ufer Schutz gefunden.<\/p>\n<p>Was von dieser Nacht \u00fcbrig bleibt, ist die Musik des Windes in den Bl\u00e4ttern der B\u00e4ume.<\/p>\n<p><!-- \/wp:paragraph --><\/p>\t\t\t\t\t\t\t\t<\/div>\n\t\t\t\t<\/div>\n\t\t\t\t\t<\/div>\n\t\t<\/div>\n\t\t\t\t\t<\/div>\n\t\t<\/section>\n\t\t\t\t<\/div>\n\t\t","protected":false},"excerpt":{"rendered":"<p>Es ist ein lauer Sommerabend. Die Sonne ist gerade untergegangen und hat am Horizont ein flammendes Meer in roten Farben hinterlassen. Langsam wird es dunkel, nur der Mond erhellt noch die Nacht. Er zieht einen Silberstreifen \u00fcber den See. Die Bl\u00e4tter in den B\u00e4umen sehen aus wie kleine Silbertaler. Am Ufer des Sees sind lange [&hellip;]<\/p>\n","protected":false},"author":1,"featured_media":0,"parent":0,"menu_order":0,"comment_status":"closed","ping_status":"closed","template":"","meta":{"site-sidebar-layout":"default","site-content-layout":"default","ast-site-content-layout":"default","site-content-style":"default","site-sidebar-style":"default","ast-global-header-display":"","ast-banner-title-visibility":"","ast-main-header-display":"","ast-hfb-above-header-display":"","ast-hfb-below-header-display":"","ast-hfb-mobile-header-display":"","site-post-title":"","ast-breadcrumbs-content":"","ast-featured-img":"","footer-sml-layout":"","ast-disable-related-posts":"","theme-transparent-header-meta":"default","adv-header-id-meta":"","stick-header-meta":"","header-above-stick-meta":"","header-main-stick-meta":"","header-below-stick-meta":"","astra-migrate-meta-layouts":"default","ast-page-background-enabled":"default","ast-page-background-meta":{"desktop":{"background-color":"","background-image":"","background-repeat":"repeat","background-position":"center center","background-size":"auto","background-attachment":"scroll","background-type":"","background-media":"","overlay-type":"","overlay-color":"","overlay-opacity":"","overlay-gradient":""},"tablet":{"background-color":"","background-image":"","background-repeat":"repeat","background-position":"center center","background-size":"auto","background-attachment":"scroll","background-type":"","background-media":"","overlay-type":"","overlay-color":"","overlay-opacity":"","overlay-gradient":""},"mobile":{"background-color":"","background-image":"","background-repeat":"repeat","background-position":"center center","background-size":"auto","background-attachment":"scroll","background-type":"","background-media":"","overlay-type":"","overlay-color":"","overlay-opacity":"","overlay-gradient":""}},"ast-content-background-meta":{"desktop":{"background-color":"var(--ast-global-color-5)","background-image":"","background-repeat":"repeat","background-position":"center center","background-size":"auto","background-attachment":"scroll","background-type":"","background-media":"","overlay-type":"","overlay-color":"","overlay-opacity":"","overlay-gradient":""},"tablet":{"background-color":"var(--ast-global-color-5)","background-image":"","background-repeat":"repeat","background-position":"center center","background-size":"auto","background-attachment":"scroll","background-type":"","background-media":"","overlay-type":"","overlay-color":"","overlay-opacity":"","overlay-gradient":""},"mobile":{"background-color":"var(--ast-global-color-5)","background-image":"","background-repeat":"repeat","background-position":"center center","background-size":"auto","background-attachment":"scroll","background-type":"","background-media":"","overlay-type":"","overlay-color":"","overlay-opacity":"","overlay-gradient":""}},"footnotes":""},"class_list":["post-90","page","type-page","status-publish","hentry"],"_links":{"self":[{"href":"https:\/\/www.jamavia-blue.de\/index.php?rest_route=\/wp\/v2\/pages\/90","targetHints":{"allow":["GET"]}}],"collection":[{"href":"https:\/\/www.jamavia-blue.de\/index.php?rest_route=\/wp\/v2\/pages"}],"about":[{"href":"https:\/\/www.jamavia-blue.de\/index.php?rest_route=\/wp\/v2\/types\/page"}],"author":[{"embeddable":true,"href":"https:\/\/www.jamavia-blue.de\/index.php?rest_route=\/wp\/v2\/users\/1"}],"replies":[{"embeddable":true,"href":"https:\/\/www.jamavia-blue.de\/index.php?rest_route=%2Fwp%2Fv2%2Fcomments&post=90"}],"version-history":[{"count":31,"href":"https:\/\/www.jamavia-blue.de\/index.php?rest_route=\/wp\/v2\/pages\/90\/revisions"}],"predecessor-version":[{"id":722,"href":"https:\/\/www.jamavia-blue.de\/index.php?rest_route=\/wp\/v2\/pages\/90\/revisions\/722"}],"wp:attachment":[{"href":"https:\/\/www.jamavia-blue.de\/index.php?rest_route=%2Fwp%2Fv2%2Fmedia&parent=90"}],"curies":[{"name":"wp","href":"https:\/\/api.w.org\/{rel}","templated":true}]}}