{"id":94,"date":"2020-01-03T11:55:51","date_gmt":"2020-01-03T11:55:51","guid":{"rendered":"https:\/\/www.jamavia-blue.de\/?page_id=94"},"modified":"2021-03-21T10:33:21","modified_gmt":"2021-03-21T10:33:21","slug":"der-regenbogen","status":"publish","type":"page","link":"https:\/\/www.jamavia-blue.de\/?page_id=94","title":{"rendered":"Regenbogen"},"content":{"rendered":"\t\t<div data-elementor-type=\"wp-page\" data-elementor-id=\"94\" class=\"elementor elementor-94\" data-elementor-post-type=\"page\">\n\t\t\t\t\t\t<section class=\"elementor-section elementor-top-section elementor-element elementor-element-4f5637f6 elementor-section-boxed elementor-section-height-default elementor-section-height-default\" data-id=\"4f5637f6\" data-element_type=\"section\" data-e-type=\"section\">\n\t\t\t\t\t\t<div class=\"elementor-container elementor-column-gap-default\">\n\t\t\t\t\t<div class=\"elementor-column elementor-col-100 elementor-top-column elementor-element elementor-element-4ee75902\" data-id=\"4ee75902\" data-element_type=\"column\" data-e-type=\"column\">\n\t\t\t<div class=\"elementor-widget-wrap elementor-element-populated\">\n\t\t\t\t\t\t<div class=\"elementor-element elementor-element-3f93a8a9 elementor-widget elementor-widget-text-editor\" data-id=\"3f93a8a9\" data-element_type=\"widget\" data-e-type=\"widget\" data-widget_type=\"text-editor.default\">\n\t\t\t\t<div class=\"elementor-widget-container\">\n\t\t\t\t\t\t\t\t\t\n<p>wenn der Regenbogen nur noch die Verbindung zweier Punkte ist,<br>wenn das Licht nur noch den Unterschied zwischen hell und dunkel bildet,<br>wenn die Nacht nur noch Dunkelheit bringt,<br>wenn der Wind nur noch den Dreck aufwirbelt,<br>wenn Regen nur noch die Sachen na\u00df macht,<br>wenn all das die Sichtweise deiner Dinge ist,<br>wird es Zeit sich von einem Kind die Welt erkl\u00e4ren zu lassen.<br>der Regenbogen ist die Rutsche f\u00fcr die Wolken,<br>das Licht malt Farben leuchten, es weist uns den Weg,<br>die Nacht zaubert die funkelnden Sterne an den Himmel und l\u00e4\u00dft uns tr\u00e4umen,<br>der Wind singt uns ein Lied in jedem Baum und l\u00e4\u00dft Bl\u00e4tter tanzen und Schneeflocken wirbeln,<br>der Regen macht uns die Pf\u00fctzen, in denen wir uns spiegeln k\u00f6nnen und l\u00e4\u00dft die Fische leben,<\/p>\n\n\n\n<p>wie sch\u00f6n und doch so einfach ist die Welt, wenn wir uns die M\u00fche machen, sie mit den richtigen Augen zu sehen,<\/p>\n\n\n\n<p>es f\u00e4llt uns Vieles leichter, wenn wir die Ruhe und den Abstand dazu gewinnen und manchmal mu\u00df man in sich einfach schaffen,<br> wenn es auch Zeiten gibt, an denen wir uns fragen, was das alles soll,<\/p>\n\n\n\n<p>das Leben ist sch\u00f6n, es liegt an uns diese Sch\u00f6nheit zu erkennen<\/p>\n\t\t\t\t\t\t\t\t<\/div>\n\t\t\t\t<\/div>\n\t\t\t\t\t<\/div>\n\t\t<\/div>\n\t\t\t\t\t<\/div>\n\t\t<\/section>\n\t\t\t\t<\/div>\n\t\t","protected":false},"excerpt":{"rendered":"<p>wenn der Regenbogen nur noch die Verbindung zweier Punkte ist,wenn das Licht nur noch den Unterschied zwischen hell und dunkel bildet,wenn die Nacht nur noch Dunkelheit bringt,wenn der Wind nur noch den Dreck aufwirbelt,wenn Regen nur noch die Sachen na\u00df macht,wenn all das die Sichtweise deiner Dinge ist,wird es Zeit sich von einem Kind die [&hellip;]<\/p>\n","protected":false},"author":1,"featured_media":0,"parent":0,"menu_order":0,"comment_status":"closed","ping_status":"closed","template":"","meta":{"site-sidebar-layout":"default","site-content-layout":"default","ast-site-content-layout":"default","site-content-style":"default","site-sidebar-style":"default","ast-global-header-display":"","ast-banner-title-visibility":"","ast-main-header-display":"","ast-hfb-above-header-display":"","ast-hfb-below-header-display":"","ast-hfb-mobile-header-display":"","site-post-title":"","ast-breadcrumbs-content":"","ast-featured-img":"","footer-sml-layout":"","ast-disable-related-posts":"","theme-transparent-header-meta":"default","adv-header-id-meta":"","stick-header-meta":"","header-above-stick-meta":"","header-main-stick-meta":"","header-below-stick-meta":"","astra-migrate-meta-layouts":"default","ast-page-background-enabled":"default","ast-page-background-meta":{"desktop":{"background-color":"","background-image":"","background-repeat":"repeat","background-position":"center center","background-size":"auto","background-attachment":"scroll","background-type":"","background-media":"","overlay-type":"","overlay-color":"","overlay-opacity":"","overlay-gradient":""},"tablet":{"background-color":"","background-image":"","background-repeat":"repeat","background-position":"center center","background-size":"auto","background-attachment":"scroll","background-type":"","background-media":"","overlay-type":"","overlay-color":"","overlay-opacity":"","overlay-gradient":""},"mobile":{"background-color":"","background-image":"","background-repeat":"repeat","background-position":"center center","background-size":"auto","background-attachment":"scroll","background-type":"","background-media":"","overlay-type":"","overlay-color":"","overlay-opacity":"","overlay-gradient":""}},"ast-content-background-meta":{"desktop":{"background-color":"var(--ast-global-color-5)","background-image":"","background-repeat":"repeat","background-position":"center center","background-size":"auto","background-attachment":"scroll","background-type":"","background-media":"","overlay-type":"","overlay-color":"","overlay-opacity":"","overlay-gradient":""},"tablet":{"background-color":"var(--ast-global-color-5)","background-image":"","background-repeat":"repeat","background-position":"center center","background-size":"auto","background-attachment":"scroll","background-type":"","background-media":"","overlay-type":"","overlay-color":"","overlay-opacity":"","overlay-gradient":""},"mobile":{"background-color":"var(--ast-global-color-5)","background-image":"","background-repeat":"repeat","background-position":"center center","background-size":"auto","background-attachment":"scroll","background-type":"","background-media":"","overlay-type":"","overlay-color":"","overlay-opacity":"","overlay-gradient":""}},"footnotes":""},"class_list":["post-94","page","type-page","status-publish","hentry"],"_links":{"self":[{"href":"https:\/\/www.jamavia-blue.de\/index.php?rest_route=\/wp\/v2\/pages\/94","targetHints":{"allow":["GET"]}}],"collection":[{"href":"https:\/\/www.jamavia-blue.de\/index.php?rest_route=\/wp\/v2\/pages"}],"about":[{"href":"https:\/\/www.jamavia-blue.de\/index.php?rest_route=\/wp\/v2\/types\/page"}],"author":[{"embeddable":true,"href":"https:\/\/www.jamavia-blue.de\/index.php?rest_route=\/wp\/v2\/users\/1"}],"replies":[{"embeddable":true,"href":"https:\/\/www.jamavia-blue.de\/index.php?rest_route=%2Fwp%2Fv2%2Fcomments&post=94"}],"version-history":[{"count":6,"href":"https:\/\/www.jamavia-blue.de\/index.php?rest_route=\/wp\/v2\/pages\/94\/revisions"}],"predecessor-version":[{"id":654,"href":"https:\/\/www.jamavia-blue.de\/index.php?rest_route=\/wp\/v2\/pages\/94\/revisions\/654"}],"wp:attachment":[{"href":"https:\/\/www.jamavia-blue.de\/index.php?rest_route=%2Fwp%2Fv2%2Fmedia&parent=94"}],"curies":[{"name":"wp","href":"https:\/\/api.w.org\/{rel}","templated":true}]}}