{"id":955,"date":"2022-12-22T18:28:19","date_gmt":"2022-12-22T18:28:19","guid":{"rendered":"https:\/\/www.jamavia-blue.de\/?page_id=955"},"modified":"2025-10-13T13:24:31","modified_gmt":"2025-10-13T13:24:31","slug":"sind-dies-meine-worte","status":"publish","type":"page","link":"https:\/\/www.jamavia-blue.de\/?page_id=955","title":{"rendered":"sind dies meine Worte"},"content":{"rendered":"\t\t<div data-elementor-type=\"wp-page\" data-elementor-id=\"955\" class=\"elementor elementor-955\" data-elementor-post-type=\"page\">\n\t\t\t\t\t\t<section class=\"elementor-section elementor-top-section elementor-element elementor-element-9eeb19a elementor-section-height-min-height elementor-section-content-middle elementor-section-boxed elementor-section-height-default elementor-section-items-middle\" data-id=\"9eeb19a\" data-element_type=\"section\" data-e-type=\"section\">\n\t\t\t\t\t\t<div class=\"elementor-container elementor-column-gap-custom\">\n\t\t\t\t\t<div class=\"elementor-column elementor-col-100 elementor-top-column elementor-element elementor-element-da9a9a4\" data-id=\"da9a9a4\" data-element_type=\"column\" data-e-type=\"column\">\n\t\t\t<div class=\"elementor-widget-wrap elementor-element-populated\">\n\t\t\t\t\t\t<div class=\"elementor-element elementor-element-8d2ec51 elementor-widget elementor-widget-text-editor\" data-id=\"8d2ec51\" data-element_type=\"widget\" data-e-type=\"widget\" data-widget_type=\"text-editor.default\">\n\t\t\t\t<div class=\"elementor-widget-container\">\n\t\t\t\t\t\t\t\t\t<h4><strong>. . . sind dies meine Worte . . .<\/strong><\/h4><p><em>sind dies meine Worte, die der Mund verschlie\u00dft<\/em><\/p><p><em>sind dies meine Gedanken, die der Kopf f\u00fcr sich beh\u00e4lt<\/em><\/p><p><em>sind dies die T\u00f6ne, die das Ohr zur\u00fcckh\u00e4lt<\/em><\/p><p><em>und dies meine Gef\u00fchle, die das Herz fest umschlie\u00dft<\/em><\/p><p><em>ich werde es wissen, wenn der Mund sie spricht<\/em><\/p><p><em>werde mich ihrer erinnern, wenn der Kopf sie frei gibt<\/em><\/p><p><em>werde sie h\u00f6ren, wenn das Ohr sie mich h\u00f6ren l\u00e4\u00dft<\/em><\/p><p><em>werde sie f\u00fchlen, wenn das Herz schneller schl\u00e4gt<\/em><\/p><p><em>wenn die Hand <strong>Sie<\/strong> ber\u00fchrt<\/em><\/p>\t\t\t\t\t\t\t\t<\/div>\n\t\t\t\t<\/div>\n\t\t\t\t\t<\/div>\n\t\t<\/div>\n\t\t\t\t\t<\/div>\n\t\t<\/section>\n\t\t\t\t<\/div>\n\t\t","protected":false},"excerpt":{"rendered":"<p>. . . sind dies meine Worte . . . sind dies meine Worte, die der Mund verschlie\u00dft sind dies meine Gedanken, die der Kopf f\u00fcr sich beh\u00e4lt sind dies die T\u00f6ne, die das Ohr zur\u00fcckh\u00e4lt und dies meine Gef\u00fchle, die das Herz fest umschlie\u00dft ich werde es wissen, wenn der Mund sie spricht werde [&hellip;]<\/p>\n","protected":false},"author":1,"featured_media":0,"parent":0,"menu_order":0,"comment_status":"closed","ping_status":"closed","template":"","meta":{"site-sidebar-layout":"no-sidebar","site-content-layout":"page-builder","ast-site-content-layout":"default","site-content-style":"default","site-sidebar-style":"default","ast-global-header-display":"","ast-banner-title-visibility":"","ast-main-header-display":"","ast-hfb-above-header-display":"","ast-hfb-below-header-display":"","ast-hfb-mobile-header-display":"","site-post-title":"disabled","ast-breadcrumbs-content":"","ast-featured-img":"disabled","footer-sml-layout":"","ast-disable-related-posts":"","theme-transparent-header-meta":"","adv-header-id-meta":"","stick-header-meta":"","header-above-stick-meta":"","header-main-stick-meta":"","header-below-stick-meta":"","astra-migrate-meta-layouts":"default","ast-page-background-enabled":"default","ast-page-background-meta":{"desktop":{"background-color":"","background-image":"","background-repeat":"repeat","background-position":"center center","background-size":"auto","background-attachment":"scroll","background-type":"","background-media":"","overlay-type":"","overlay-color":"","overlay-opacity":"","overlay-gradient":""},"tablet":{"background-color":"","background-image":"","background-repeat":"repeat","background-position":"center center","background-size":"auto","background-attachment":"scroll","background-type":"","background-media":"","overlay-type":"","overlay-color":"","overlay-opacity":"","overlay-gradient":""},"mobile":{"background-color":"","background-image":"","background-repeat":"repeat","background-position":"center center","background-size":"auto","background-attachment":"scroll","background-type":"","background-media":"","overlay-type":"","overlay-color":"","overlay-opacity":"","overlay-gradient":""}},"ast-content-background-meta":{"desktop":{"background-color":"var(--ast-global-color-5)","background-image":"","background-repeat":"repeat","background-position":"center center","background-size":"auto","background-attachment":"scroll","background-type":"","background-media":"","overlay-type":"","overlay-color":"","overlay-opacity":"","overlay-gradient":""},"tablet":{"background-color":"var(--ast-global-color-5)","background-image":"","background-repeat":"repeat","background-position":"center center","background-size":"auto","background-attachment":"scroll","background-type":"","background-media":"","overlay-type":"","overlay-color":"","overlay-opacity":"","overlay-gradient":""},"mobile":{"background-color":"var(--ast-global-color-5)","background-image":"","background-repeat":"repeat","background-position":"center center","background-size":"auto","background-attachment":"scroll","background-type":"","background-media":"","overlay-type":"","overlay-color":"","overlay-opacity":"","overlay-gradient":""}},"footnotes":""},"class_list":["post-955","page","type-page","status-publish","hentry"],"_links":{"self":[{"href":"https:\/\/www.jamavia-blue.de\/index.php?rest_route=\/wp\/v2\/pages\/955","targetHints":{"allow":["GET"]}}],"collection":[{"href":"https:\/\/www.jamavia-blue.de\/index.php?rest_route=\/wp\/v2\/pages"}],"about":[{"href":"https:\/\/www.jamavia-blue.de\/index.php?rest_route=\/wp\/v2\/types\/page"}],"author":[{"embeddable":true,"href":"https:\/\/www.jamavia-blue.de\/index.php?rest_route=\/wp\/v2\/users\/1"}],"replies":[{"embeddable":true,"href":"https:\/\/www.jamavia-blue.de\/index.php?rest_route=%2Fwp%2Fv2%2Fcomments&post=955"}],"version-history":[{"count":55,"href":"https:\/\/www.jamavia-blue.de\/index.php?rest_route=\/wp\/v2\/pages\/955\/revisions"}],"predecessor-version":[{"id":1211,"href":"https:\/\/www.jamavia-blue.de\/index.php?rest_route=\/wp\/v2\/pages\/955\/revisions\/1211"}],"wp:attachment":[{"href":"https:\/\/www.jamavia-blue.de\/index.php?rest_route=%2Fwp%2Fv2%2Fmedia&parent=955"}],"curies":[{"name":"wp","href":"https:\/\/api.w.org\/{rel}","templated":true}]}}