{"id":96,"date":"2020-01-03T11:56:11","date_gmt":"2020-01-03T11:56:11","guid":{"rendered":"https:\/\/www.jamavia-blue.de\/?page_id=96"},"modified":"2021-03-27T15:33:16","modified_gmt":"2021-03-27T15:33:16","slug":"schliesse-die-augen","status":"publish","type":"page","link":"https:\/\/www.jamavia-blue.de\/?page_id=96","title":{"rendered":"schlie\u00dfe die Augen"},"content":{"rendered":"\t\t<div data-elementor-type=\"wp-page\" data-elementor-id=\"96\" class=\"elementor elementor-96\" data-elementor-post-type=\"page\">\n\t\t\t\t\t\t<section class=\"elementor-section elementor-top-section elementor-element elementor-element-63f8d1ea elementor-section-boxed elementor-section-height-default elementor-section-height-default\" data-id=\"63f8d1ea\" data-element_type=\"section\" data-e-type=\"section\">\n\t\t\t\t\t\t<div class=\"elementor-container elementor-column-gap-default\">\n\t\t\t\t\t<div class=\"elementor-column elementor-col-100 elementor-top-column elementor-element elementor-element-55e1c4f6\" data-id=\"55e1c4f6\" data-element_type=\"column\" data-e-type=\"column\">\n\t\t\t<div class=\"elementor-widget-wrap elementor-element-populated\">\n\t\t\t\t\t\t<div class=\"elementor-element elementor-element-42ddaf97 elementor-widget elementor-widget-text-editor\" data-id=\"42ddaf97\" data-element_type=\"widget\" data-e-type=\"widget\" data-widget_type=\"text-editor.default\">\n\t\t\t\t<div class=\"elementor-widget-container\">\n\t\t\t\t\t\t\t\t\t<p>Der Tag war anstrengend, du bist vollkommen fertig, was dir jetzt fehlt ist ein hei\u00dfes Bad, eine sch\u00f6ne Tasse Tee und dann ein warmes Bett, endlich einmal ausschlafen.<br \/>Du hast es gerade noch geschafft dich auszuziehen und bist unter deiner Bettdecke schon fast verschwunden, da bemerkst du aus der Ferne eine Musik und einen dir vertrauten Geruch, der dich neugierig macht.<br \/>Du stehst auf, \u00f6ffnest deine Zimmert\u00fcr und traust deinen Augen nicht, denn eigentlich kann das nicht sein, pl\u00f6tzlich stehst du in einem v\u00f6llig mit exotischen Pflanzen bewachsenen Raum.<br \/>In einer Wand entdeckst du einen Kamin. In ihm lodert ein helles, w\u00e4rmendes Feuer, davor liegt ein wei\u00dfer Teppich, der wie ein Fell aussieht.<br \/>Auf einem Tisch, der wie aus einem Stamm geschnitzt zu sein scheint, steht eine Flasche Sekt, daneben zwei Gl\u00e4ser, die bereits gef\u00fcllt sind.<br \/>Neben dem Sekt stehen die sch\u00f6nsten Fr\u00fcchte, \u00c4pfel, Orangen, Weintrauben und eine Schale mit gro\u00dfen, roten, saftigen Erdbeeren.<br \/>Und jetzt erinnerst du dich an den Duft, es waren die Erdbeeren, aber nein, da ist noch ein anderer Duft, viel intensiver, aufregender.<br \/>Dein Herzschlag wird schneller, du siehst dich im ganzen Raum um, niemand ist zu sehen. Eine warme Stimme sagt pl\u00f6tzlich zu dir: \u201eNimm doch Platz, es ist alles nur f\u00fcr dich\u201c.<br \/>Du kennst diese Stimme nicht, dennoch kommt sie dir vertraut vor und du folgst ihr bereitwillig.<br \/>Du machst es dir gerade auf dem Fell bequem, da reicht dir, wie von Geisterhand jemand ein Glas Sekt und die Schale mit den Erdbeeren.<br \/>Doch es ist niemand zu sehen. Du nimmst das Glas in die eine Hand und eine Erdbeere aus der Schale in die andere und wie du gerade \u00fcberlegst, ob du erst die Beere oder doch den Sekt probieren solltest, versch\u00fcttest du etwas von dem Sekt auf deinen K\u00f6rper. Er l\u00e4uft langsam und perlend an deinem Hals herunter.<br \/>Da ist auf einmal wieder dieser Duft, noch st\u00e4rker, du glaubst ihn genau vor dir, schlie\u00dft deinen Augen, denn du willst ihn genie\u00dfen und sp\u00fcrst zwei Lippen, die sich sanft auf deinen Hals legen, immer dem Sekt folgend.<br \/>Schnell l\u00e4\u00dft du noch mehr Sekt den Hals hinunterlaufen und die Lippen folgen ihm immer weiter. Sie erreichen deinen Busen, sie umschlie\u00dfen deine Knospen, die sich vor Erregung aufrichten.<\/p>\n<p>Du sp\u00fcrst, wie seine freche Zunge den Sekt aus dem Nabel zu holen scheint und immer noch folgen ihm die Lippen, bestrebt, keinen Tropfen von dem prickelnden Na\u00df zu verlieren.<br \/>Ein letzter Schluck ist noch im Glas und du schickst ihn mit etwas Schwung auf die Reise, denn dir gef\u00e4llt diese Art der Entdeckung.<br \/>Dein K\u00f6rper ist eine wundersch\u00f6ne Fl\u00e4che f\u00fcr dieses Spiel. Der Sekt hat seinen Weg gefunden, genau an jene Stelle, an der die Lippen dich in einen Rausch versetzen, in einen Tanz, der deinen ganzen K\u00f6rper in Bewegung bringt.<br \/>Du sp\u00fcrst die Hitze in dir aufsteigen, deine H\u00e4nde suchen nach dem Kopf und dem K\u00f6rper, der zu diesen so Lust spendenden Lippen geh\u00f6rt, doch du kannst niemanden f\u00fchlen, du willst gerade die Augen \u00f6ffnen, um ihn zu sehen.<\/p>\n<p>&#8211; &#8211; &#8211; da klingelt der Wecker! &#8211; &#8211; &#8211;<\/p>\n<p><strong>Was f\u00fcr ein Traum, &#8230;\u201cob er jemals wiederkommt \u201e&#8230;<\/strong><\/p>\n<p><!-- \/wp:paragraph --><\/p>\t\t\t\t\t\t\t\t<\/div>\n\t\t\t\t<\/div>\n\t\t\t\t\t<\/div>\n\t\t<\/div>\n\t\t\t\t\t<\/div>\n\t\t<\/section>\n\t\t\t\t<\/div>\n\t\t","protected":false},"excerpt":{"rendered":"<p>Der Tag war anstrengend, du bist vollkommen fertig, was dir jetzt fehlt ist ein hei\u00dfes Bad, eine sch\u00f6ne Tasse Tee und dann ein warmes Bett, endlich einmal ausschlafen. Du hast es gerade noch geschafft dich auszuziehen und bist unter deiner Bettdecke schon fast verschwunden, da bemerkst du aus der Ferne eine Musik und einen dir [&hellip;]<\/p>\n","protected":false},"author":1,"featured_media":0,"parent":0,"menu_order":0,"comment_status":"closed","ping_status":"closed","template":"","meta":{"site-sidebar-layout":"default","site-content-layout":"default","ast-site-content-layout":"default","site-content-style":"default","site-sidebar-style":"default","ast-global-header-display":"","ast-banner-title-visibility":"","ast-main-header-display":"","ast-hfb-above-header-display":"","ast-hfb-below-header-display":"","ast-hfb-mobile-header-display":"","site-post-title":"","ast-breadcrumbs-content":"","ast-featured-img":"","footer-sml-layout":"","ast-disable-related-posts":"","theme-transparent-header-meta":"default","adv-header-id-meta":"","stick-header-meta":"","header-above-stick-meta":"","header-main-stick-meta":"","header-below-stick-meta":"","astra-migrate-meta-layouts":"default","ast-page-background-enabled":"default","ast-page-background-meta":{"desktop":{"background-color":"","background-image":"","background-repeat":"repeat","background-position":"center center","background-size":"auto","background-attachment":"scroll","background-type":"","background-media":"","overlay-type":"","overlay-color":"","overlay-opacity":"","overlay-gradient":""},"tablet":{"background-color":"","background-image":"","background-repeat":"repeat","background-position":"center center","background-size":"auto","background-attachment":"scroll","background-type":"","background-media":"","overlay-type":"","overlay-color":"","overlay-opacity":"","overlay-gradient":""},"mobile":{"background-color":"","background-image":"","background-repeat":"repeat","background-position":"center center","background-size":"auto","background-attachment":"scroll","background-type":"","background-media":"","overlay-type":"","overlay-color":"","overlay-opacity":"","overlay-gradient":""}},"ast-content-background-meta":{"desktop":{"background-color":"var(--ast-global-color-5)","background-image":"","background-repeat":"repeat","background-position":"center center","background-size":"auto","background-attachment":"scroll","background-type":"","background-media":"","overlay-type":"","overlay-color":"","overlay-opacity":"","overlay-gradient":""},"tablet":{"background-color":"var(--ast-global-color-5)","background-image":"","background-repeat":"repeat","background-position":"center center","background-size":"auto","background-attachment":"scroll","background-type":"","background-media":"","overlay-type":"","overlay-color":"","overlay-opacity":"","overlay-gradient":""},"mobile":{"background-color":"var(--ast-global-color-5)","background-image":"","background-repeat":"repeat","background-position":"center center","background-size":"auto","background-attachment":"scroll","background-type":"","background-media":"","overlay-type":"","overlay-color":"","overlay-opacity":"","overlay-gradient":""}},"footnotes":""},"class_list":["post-96","page","type-page","status-publish","hentry"],"_links":{"self":[{"href":"https:\/\/www.jamavia-blue.de\/index.php?rest_route=\/wp\/v2\/pages\/96","targetHints":{"allow":["GET"]}}],"collection":[{"href":"https:\/\/www.jamavia-blue.de\/index.php?rest_route=\/wp\/v2\/pages"}],"about":[{"href":"https:\/\/www.jamavia-blue.de\/index.php?rest_route=\/wp\/v2\/types\/page"}],"author":[{"embeddable":true,"href":"https:\/\/www.jamavia-blue.de\/index.php?rest_route=\/wp\/v2\/users\/1"}],"replies":[{"embeddable":true,"href":"https:\/\/www.jamavia-blue.de\/index.php?rest_route=%2Fwp%2Fv2%2Fcomments&post=96"}],"version-history":[{"count":6,"href":"https:\/\/www.jamavia-blue.de\/index.php?rest_route=\/wp\/v2\/pages\/96\/revisions"}],"predecessor-version":[{"id":748,"href":"https:\/\/www.jamavia-blue.de\/index.php?rest_route=\/wp\/v2\/pages\/96\/revisions\/748"}],"wp:attachment":[{"href":"https:\/\/www.jamavia-blue.de\/index.php?rest_route=%2Fwp%2Fv2%2Fmedia&parent=96"}],"curies":[{"name":"wp","href":"https:\/\/api.w.org\/{rel}","templated":true}]}}